{"id":95515,"date":"2023-06-09T13:07:53","date_gmt":"2023-06-09T13:07:53","guid":{"rendered":"https:\/\/explorial.com\/trails\/tour-de-ville-trente-1\/"},"modified":"2024-09-17T12:16:51","modified_gmt":"2024-09-17T12:16:51","slug":"tour-de-ville-trente-1","status":"publish","type":"product","link":"https:\/\/explorial.com\/fr\/trails\/tour-de-ville-trente-1\/","title":{"rendered":"Trente"},"content":{"rendered":"","protected":false},"excerpt":{"rendered":"","protected":false},"featured_media":95334,"comment_status":"open","ping_status":"closed","template":"","meta":{"_acf_changed":false},"product_brand":[],"product_cat":[1436,1529],"product_tag":[1522],"class_list":{"0":"post-95515","1":"product","2":"type-product","3":"status-publish","4":"has-post-thumbnail","6":"product_cat-italy-fr","7":"product_cat-trentino-south-tyrol-fr","8":"product_tag-trento-es","10":"first","11":"instock","12":"sale","13":"taxable","14":"shipping-taxable","15":"purchasable","16":"product-type-variable"},"acf":{"city_name":"Trente","city_name_display":"Trente","languages":"Anglais, Italien","duration":"environ 1,5 \u00e0 2 heures","description_1":"","description_2":"","city_description":"","short_description":"","notes":"","header_image":95328,"highlight_locations":"Castello del Buonconsiglio, Il Monumento di Dante, Piazza Duomo","additional_wheelchair":"Malheureusement, cette piste n\u2019est que partiellement adapt\u00e9e aux fauteuils roulants et aux poussettes en raison de ses pentes et de ses escaliers. Cependant, la piste peut \u00eatre jou\u00e9e, mais certains endroits peuvent \u00eatre plus difficiles d\u2019acc\u00e8s.","voucher_link":"","start_location_coordinates":"46.07214, 11.11959","start_location_name":"Stazione di Trento","start_location_address":"P.za Dante, 38121 Italia","end_location_name":"Torre Vanga","partner_object":null},"_links":{"self":[{"href":"https:\/\/explorial.com\/fr\/wp-json\/wp\/v2\/product\/95515","targetHints":{"allow":["GET"]}}],"collection":[{"href":"https:\/\/explorial.com\/fr\/wp-json\/wp\/v2\/product"}],"about":[{"href":"https:\/\/explorial.com\/fr\/wp-json\/wp\/v2\/types\/product"}],"replies":[{"embeddable":true,"href":"https:\/\/explorial.com\/fr\/wp-json\/wp\/v2\/comments?post=95515"}],"wp:featuredmedia":[{"embeddable":true,"href":"https:\/\/explorial.com\/fr\/wp-json\/wp\/v2\/media\/95334"}],"wp:attachment":[{"href":"https:\/\/explorial.com\/fr\/wp-json\/wp\/v2\/media?parent=95515"}],"wp:term":[{"taxonomy":"product_brand","embeddable":true,"href":"https:\/\/explorial.com\/fr\/wp-json\/wp\/v2\/product_brand?post=95515"},{"taxonomy":"product_cat","embeddable":true,"href":"https:\/\/explorial.com\/fr\/wp-json\/wp\/v2\/product_cat?post=95515"},{"taxonomy":"product_tag","embeddable":true,"href":"https:\/\/explorial.com\/fr\/wp-json\/wp\/v2\/product_tag?post=95515"}],"curies":[{"name":"wp","href":"https:\/\/api.w.org\/{rel}","templated":true}]}}