{"id":94489,"date":"2023-06-08T12:41:48","date_gmt":"2023-06-08T12:41:48","guid":{"rendered":"https:\/\/explorial.com\/trails\/tour-de-ville-fort-worth-1\/"},"modified":"2024-09-10T12:24:31","modified_gmt":"2024-09-10T12:24:31","slug":"tour-de-ville-fort-worth-1","status":"publish","type":"product","link":"https:\/\/explorial.com\/fr\/trails\/tour-de-ville-fort-worth-1\/","title":{"rendered":"Fort Worth"},"content":{"rendered":"","protected":false},"excerpt":{"rendered":"","protected":false},"featured_media":94308,"comment_status":"open","ping_status":"closed","template":"","meta":{"_acf_changed":false},"product_brand":[],"product_cat":[1210,1211],"product_tag":[1481],"class_list":{"0":"post-94489","1":"product","2":"type-product","3":"status-publish","4":"has-post-thumbnail","6":"product_cat-united-states-fr","7":"product_cat-texas-fr","8":"product_tag-fort-worth-fr","10":"first","11":"instock","12":"sale","13":"taxable","14":"shipping-taxable","15":"purchasable","16":"product-type-variable"},"acf":{"city_name":"Fort Worth","city_name_display":"Fort Worth","languages":"Anglais, Espagnol","duration":"environ 1,5 \u00e0 2 heures","description_1":"","description_2":"","city_description":"","short_description":"","notes":"","header_image":94302,"highlight_locations":"JFK Tribute, Fort Worth\u2019s Flatiron Building, Fort Worth Water Gardens","additional_wheelchair":"Malheureusement, cette piste n\u2019est que partiellement adapt\u00e9e aux fauteuils roulants et aux poussettes en raison de ses pentes et de ses escaliers. Cependant, la piste peut \u00eatre jou\u00e9e, mais certains endroits peuvent \u00eatre plus difficiles d\u2019acc\u00e8s.","voucher_link":"","start_location_coordinates":"32.75719, -97.33373","start_location_name":"Tarrant County Law Enforcement Memorial","start_location_address":"100 E Weatherford St, Fort Worth, TX 76196, US","end_location_name":"Fort Worth Water Gardens","partner_object":null},"_links":{"self":[{"href":"https:\/\/explorial.com\/fr\/wp-json\/wp\/v2\/product\/94489","targetHints":{"allow":["GET"]}}],"collection":[{"href":"https:\/\/explorial.com\/fr\/wp-json\/wp\/v2\/product"}],"about":[{"href":"https:\/\/explorial.com\/fr\/wp-json\/wp\/v2\/types\/product"}],"replies":[{"embeddable":true,"href":"https:\/\/explorial.com\/fr\/wp-json\/wp\/v2\/comments?post=94489"}],"wp:featuredmedia":[{"embeddable":true,"href":"https:\/\/explorial.com\/fr\/wp-json\/wp\/v2\/media\/94308"}],"wp:attachment":[{"href":"https:\/\/explorial.com\/fr\/wp-json\/wp\/v2\/media?parent=94489"}],"wp:term":[{"taxonomy":"product_brand","embeddable":true,"href":"https:\/\/explorial.com\/fr\/wp-json\/wp\/v2\/product_brand?post=94489"},{"taxonomy":"product_cat","embeddable":true,"href":"https:\/\/explorial.com\/fr\/wp-json\/wp\/v2\/product_cat?post=94489"},{"taxonomy":"product_tag","embeddable":true,"href":"https:\/\/explorial.com\/fr\/wp-json\/wp\/v2\/product_tag?post=94489"}],"curies":[{"name":"wp","href":"https:\/\/api.w.org\/{rel}","templated":true}]}}