{"id":94272,"date":"2023-06-08T12:13:40","date_gmt":"2023-06-08T12:13:40","guid":{"rendered":"https:\/\/explorial.com\/trails\/tour-de-ville-budapest-1\/"},"modified":"2024-09-09T14:46:25","modified_gmt":"2024-09-09T14:46:25","slug":"tour-de-ville-budapest-1","status":"publish","type":"product","link":"https:\/\/explorial.com\/fr\/trails\/tour-de-ville-budapest-1\/","title":{"rendered":"Budapest (Jewish Quarter)"},"content":{"rendered":"","protected":false},"excerpt":{"rendered":"","protected":false},"featured_media":94091,"comment_status":"open","ping_status":"closed","template":"","meta":{"_acf_changed":false},"product_brand":[],"product_cat":[1469,1475],"product_tag":[1462],"class_list":{"0":"post-94272","1":"product","2":"type-product","3":"status-publish","4":"has-post-thumbnail","6":"product_cat-hungary-fr","7":"product_cat-central-hungary-fr","8":"product_tag-budapest-es","10":"first","11":"instock","12":"sale","13":"taxable","14":"shipping-taxable","15":"purchasable","16":"product-type-variable"},"acf":{"city_name":"Budapest","city_name_display":"Budapest (Jewish Quarter)","languages":"Anglais","duration":"environ 1,5 \u00e0 2 heures","description_1":"","description_2":"","city_description":"","short_description":"","notes":"","header_image":94085,"highlight_locations":"Dohany Street Synagogue, Gozsdu Udvar, Szimpla Ruin Pub","additional_wheelchair":"Malheureusement, cette piste n\u2019est que partiellement adapt\u00e9e aux fauteuils roulants et aux poussettes en raison de ses pentes et de ses escaliers. Cependant, la piste peut \u00eatre jou\u00e9e, mais certains endroits peuvent \u00eatre plus difficiles d\u2019acc\u00e8s.","voucher_link":"","start_location_coordinates":"47.497499, 19.054441","start_location_name":"De\u00e1k Ferenc t\u00e9r","start_location_address":"Budapest, Hungary","end_location_name":"Klauzal ter","partner_object":null},"_links":{"self":[{"href":"https:\/\/explorial.com\/fr\/wp-json\/wp\/v2\/product\/94272","targetHints":{"allow":["GET"]}}],"collection":[{"href":"https:\/\/explorial.com\/fr\/wp-json\/wp\/v2\/product"}],"about":[{"href":"https:\/\/explorial.com\/fr\/wp-json\/wp\/v2\/types\/product"}],"replies":[{"embeddable":true,"href":"https:\/\/explorial.com\/fr\/wp-json\/wp\/v2\/comments?post=94272"}],"wp:featuredmedia":[{"embeddable":true,"href":"https:\/\/explorial.com\/fr\/wp-json\/wp\/v2\/media\/94091"}],"wp:attachment":[{"href":"https:\/\/explorial.com\/fr\/wp-json\/wp\/v2\/media?parent=94272"}],"wp:term":[{"taxonomy":"product_brand","embeddable":true,"href":"https:\/\/explorial.com\/fr\/wp-json\/wp\/v2\/product_brand?post=94272"},{"taxonomy":"product_cat","embeddable":true,"href":"https:\/\/explorial.com\/fr\/wp-json\/wp\/v2\/product_cat?post=94272"},{"taxonomy":"product_tag","embeddable":true,"href":"https:\/\/explorial.com\/fr\/wp-json\/wp\/v2\/product_tag?post=94272"}],"curies":[{"name":"wp","href":"https:\/\/api.w.org\/{rel}","templated":true}]}}