{"id":93413,"date":"2023-06-01T22:19:00","date_gmt":"2023-06-01T22:19:00","guid":{"rendered":"https:\/\/explorial.com\/trails\/tour-de-ville-mumbai-2\/"},"modified":"2024-09-09T15:07:41","modified_gmt":"2024-09-09T15:07:41","slug":"tour-de-ville-mumbai-2","status":"publish","type":"product","link":"https:\/\/explorial.com\/fr\/trails\/tour-de-ville-mumbai-2\/","title":{"rendered":"Mumbai (Malabar\u00a0District)"},"content":{"rendered":"","protected":false},"excerpt":{"rendered":"","protected":false},"featured_media":93232,"comment_status":"open","ping_status":"closed","template":"","meta":{"_acf_changed":false},"product_brand":[],"product_cat":[1363,1369],"product_tag":[1356],"class_list":{"0":"post-93413","1":"product","2":"type-product","3":"status-publish","4":"has-post-thumbnail","6":"product_cat-india-fr","7":"product_cat-western-zonal-council-fr","8":"product_tag-mumbai-es","10":"first","11":"instock","12":"sale","13":"taxable","14":"shipping-taxable","15":"purchasable","16":"product-type-variable"},"acf":{"city_name":"Mumbai","city_name_display":"Mumbai (Malabar\u00a0District)","languages":"Anglais","duration":"environ 1,5 \u00e0 2 heures","description_1":"","description_2":"","city_description":"","short_description":"","notes":"","header_image":93226,"highlight_locations":"Babulnath Mandir, Hanging Gardens, Girgaon Chowpatty viewing deck","additional_wheelchair":"Malheureusement, cette piste n\u2019est que partiellement adapt\u00e9e aux fauteuils roulants et aux poussettes en raison de ses pentes et de ses escaliers. Cependant, la piste peut \u00eatre jou\u00e9e, mais certains endroits peuvent \u00eatre plus difficiles d\u2019acc\u00e8s.","voucher_link":"","start_location_coordinates":"18.9554, 72.80479","start_location_name":"Sumant Moolgaonkar Chowk","start_location_address":"Khadija Tayyabji Rd 1 and BG Kher Rd intersection, Mumbai, Maharashtra 400006, India","end_location_name":"Mani Bhavan Gandhi Sangrahalaya","partner_object":null},"_links":{"self":[{"href":"https:\/\/explorial.com\/fr\/wp-json\/wp\/v2\/product\/93413","targetHints":{"allow":["GET"]}}],"collection":[{"href":"https:\/\/explorial.com\/fr\/wp-json\/wp\/v2\/product"}],"about":[{"href":"https:\/\/explorial.com\/fr\/wp-json\/wp\/v2\/types\/product"}],"replies":[{"embeddable":true,"href":"https:\/\/explorial.com\/fr\/wp-json\/wp\/v2\/comments?post=93413"}],"wp:featuredmedia":[{"embeddable":true,"href":"https:\/\/explorial.com\/fr\/wp-json\/wp\/v2\/media\/93232"}],"wp:attachment":[{"href":"https:\/\/explorial.com\/fr\/wp-json\/wp\/v2\/media?parent=93413"}],"wp:term":[{"taxonomy":"product_brand","embeddable":true,"href":"https:\/\/explorial.com\/fr\/wp-json\/wp\/v2\/product_brand?post=93413"},{"taxonomy":"product_cat","embeddable":true,"href":"https:\/\/explorial.com\/fr\/wp-json\/wp\/v2\/product_cat?post=93413"},{"taxonomy":"product_tag","embeddable":true,"href":"https:\/\/explorial.com\/fr\/wp-json\/wp\/v2\/product_tag?post=93413"}],"curies":[{"name":"wp","href":"https:\/\/api.w.org\/{rel}","templated":true}]}}