{"id":93196,"date":"2023-06-01T20:41:14","date_gmt":"2023-06-01T20:41:14","guid":{"rendered":"https:\/\/explorial.com\/trails\/tour-de-ville-segovia-1\/"},"modified":"2024-09-17T07:28:14","modified_gmt":"2024-09-17T07:28:14","slug":"tour-de-ville-segovia-1","status":"publish","type":"product","link":"https:\/\/explorial.com\/fr\/trails\/tour-de-ville-segovia-1\/","title":{"rendered":"Segovia"},"content":{"rendered":"","protected":false},"excerpt":{"rendered":"","protected":false},"featured_media":93015,"comment_status":"open","ping_status":"closed","template":"","meta":{"_acf_changed":false},"product_brand":[],"product_cat":[1454,1169],"product_tag":[1447],"class_list":{"0":"post-93196","1":"product","2":"type-product","3":"status-publish","4":"has-post-thumbnail","6":"product_cat-castile-and-leon-fr","7":"product_cat-spain-fr","8":"product_tag-segovia-es","10":"first","11":"instock","12":"sale","13":"taxable","14":"shipping-taxable","15":"purchasable","16":"product-type-variable"},"acf":{"city_name":"Segovia","city_name_display":"Segovia","languages":"Espagnol, Anglais, Fran\u00e7ais, Allemand","duration":"environ 1,5 \u00e0 2 heures","description_1":"","description_2":"","city_description":"S\u00e9govie te transportera dans le temps avec ses monuments embl\u00e9matiques tels que l'Alcazar et l'aqueduc romain. Explorer la vieille ville de S\u00e9govie charg\u00e9e d'histoire et d\u00e9couvrir ses murs spectaculaires avec une vue panoramique sur la ville sera une exp\u00e9rience inoubliable. Dans chaque coin de S\u00e9govie, tu trouveras un charme unique qui t'enchantera sans aucun doute.","short_description":"","notes":"","header_image":93009,"highlight_locations":"Plaza Mayor, Alc\u00e1zar de Segovia, Casa de los Picos","additional_wheelchair":"Malheureusement, cette piste n\u2019est que partiellement adapt\u00e9e aux fauteuils roulants et aux poussettes en raison de ses pentes et de ses escaliers. Cependant, la piste peut \u00eatre jou\u00e9e, mais certains endroits peuvent \u00eatre plus difficiles d\u2019acc\u00e8s.","voucher_link":"","start_location_coordinates":"40.94798, -4.11829","start_location_name":"Office du tourisme","start_location_address":"Plaza Azoguejo, 40001, Espagne","end_location_name":"Alcazar de S\u00e9govie","partner_object":null},"_links":{"self":[{"href":"https:\/\/explorial.com\/fr\/wp-json\/wp\/v2\/product\/93196","targetHints":{"allow":["GET"]}}],"collection":[{"href":"https:\/\/explorial.com\/fr\/wp-json\/wp\/v2\/product"}],"about":[{"href":"https:\/\/explorial.com\/fr\/wp-json\/wp\/v2\/types\/product"}],"replies":[{"embeddable":true,"href":"https:\/\/explorial.com\/fr\/wp-json\/wp\/v2\/comments?post=93196"}],"wp:featuredmedia":[{"embeddable":true,"href":"https:\/\/explorial.com\/fr\/wp-json\/wp\/v2\/media\/93015"}],"wp:attachment":[{"href":"https:\/\/explorial.com\/fr\/wp-json\/wp\/v2\/media?parent=93196"}],"wp:term":[{"taxonomy":"product_brand","embeddable":true,"href":"https:\/\/explorial.com\/fr\/wp-json\/wp\/v2\/product_brand?post=93196"},{"taxonomy":"product_cat","embeddable":true,"href":"https:\/\/explorial.com\/fr\/wp-json\/wp\/v2\/product_cat?post=93196"},{"taxonomy":"product_tag","embeddable":true,"href":"https:\/\/explorial.com\/fr\/wp-json\/wp\/v2\/product_tag?post=93196"}],"curies":[{"name":"wp","href":"https:\/\/api.w.org\/{rel}","templated":true}]}}