{"id":92531,"date":"2023-05-29T20:56:11","date_gmt":"2023-05-29T20:56:11","guid":{"rendered":"https:\/\/explorial.com\/trails\/tour-de-ville-madrid-2\/"},"modified":"2024-02-26T09:46:31","modified_gmt":"2024-02-26T09:46:31","slug":"tour-de-ville-madrid-2","status":"publish","type":"product","link":"https:\/\/explorial.com\/fr\/trails\/tour-de-ville-madrid-2\/","title":{"rendered":"Madrid (Centre historique)"},"content":{"rendered":"","protected":false},"excerpt":{"rendered":"","protected":false},"featured_media":92350,"comment_status":"open","ping_status":"closed","template":"","meta":{"_acf_changed":false},"product_brand":[],"product_cat":[1169,1424],"product_tag":[1417],"class_list":{"0":"post-92531","1":"product","2":"type-product","3":"status-publish","4":"has-post-thumbnail","6":"product_cat-spain-fr","7":"product_cat-madrid-region-fr","8":"product_tag-madrid-fr","10":"first","11":"instock","12":"sale","13":"taxable","14":"shipping-taxable","15":"purchasable","16":"product-type-variable"},"acf":{"city_name":"Madrid","city_name_display":"Madrid (Centre historique)","languages":"Espagnol, Anglais, Fran\u00e7ais, Allemand","duration":"environ 1,5 \u00e0 2 heures","description_1":"","description_2":"","city_description":"Madrid est une ville pleine d'histoire et de charme. Se promener dans le quartier des Habsbourg, avec ses embl\u00e9matiques Puerta del Sol et Plaza Mayor, est une exp\u00e9rience incontournable. Tu d\u00e9couvriras \u00e9galement certains des monuments les plus c\u00e9l\u00e8bres de la ville comme la Plaza del Oriente et la Gran V\u00eda en marchant du majestueux Palais Royal jusqu'\u00e0 la spectaculaire Plaza de Espa\u00f1a. La capitale espagnole te captivera sans aucun doute \u00e0 chaque tournant.","short_description":"","notes":"","header_image":92344,"highlight_locations":"Plaza Mayor, El Oso y el Madro\u00f1o, Plaza de Oriente","additional_wheelchair":"Malheureusement, cette piste n\u2019est que partiellement adapt\u00e9e aux fauteuils roulants et aux poussettes en raison de ses pentes et de ses escaliers. Cependant, la piste peut \u00eatre jou\u00e9e, mais certains endroits peuvent \u00eatre plus difficiles d\u2019acc\u00e8s.","voucher_link":"","start_location_coordinates":"40.41669, -3.70287","start_location_name":"Centro de Turismo Sol","start_location_address":"Puerta del Sol, 5, 28013, Espagne","end_location_name":"Plaza de la Villa","partner_object":null},"_links":{"self":[{"href":"https:\/\/explorial.com\/fr\/wp-json\/wp\/v2\/product\/92531","targetHints":{"allow":["GET"]}}],"collection":[{"href":"https:\/\/explorial.com\/fr\/wp-json\/wp\/v2\/product"}],"about":[{"href":"https:\/\/explorial.com\/fr\/wp-json\/wp\/v2\/types\/product"}],"replies":[{"embeddable":true,"href":"https:\/\/explorial.com\/fr\/wp-json\/wp\/v2\/comments?post=92531"}],"wp:featuredmedia":[{"embeddable":true,"href":"https:\/\/explorial.com\/fr\/wp-json\/wp\/v2\/media\/92350"}],"wp:attachment":[{"href":"https:\/\/explorial.com\/fr\/wp-json\/wp\/v2\/media?parent=92531"}],"wp:term":[{"taxonomy":"product_brand","embeddable":true,"href":"https:\/\/explorial.com\/fr\/wp-json\/wp\/v2\/product_brand?post=92531"},{"taxonomy":"product_cat","embeddable":true,"href":"https:\/\/explorial.com\/fr\/wp-json\/wp\/v2\/product_cat?post=92531"},{"taxonomy":"product_tag","embeddable":true,"href":"https:\/\/explorial.com\/fr\/wp-json\/wp\/v2\/product_tag?post=92531"}],"curies":[{"name":"wp","href":"https:\/\/api.w.org\/{rel}","templated":true}]}}