{"id":92314,"date":"2023-05-29T20:47:09","date_gmt":"2023-05-29T20:47:09","guid":{"rendered":"https:\/\/explorial.com\/trails\/tour-de-ville-madrid-1\/"},"modified":"2024-02-26T09:46:34","modified_gmt":"2024-02-26T09:46:34","slug":"tour-de-ville-madrid-1","status":"publish","type":"product","link":"https:\/\/explorial.com\/fr\/trails\/tour-de-ville-madrid-1\/","title":{"rendered":"Madrid (De Cibeles au parc du Retiro)"},"content":{"rendered":"","protected":false},"excerpt":{"rendered":"","protected":false},"featured_media":92139,"comment_status":"open","ping_status":"closed","template":"","meta":{"_acf_changed":false},"product_brand":[],"product_cat":[1169,1424],"product_tag":[1417],"class_list":{"0":"post-92314","1":"product","2":"type-product","3":"status-publish","4":"has-post-thumbnail","6":"product_cat-spain-fr","7":"product_cat-madrid-region-fr","8":"product_tag-madrid-fr","10":"first","11":"instock","12":"sale","13":"taxable","14":"shipping-taxable","15":"purchasable","16":"product-type-variable"},"acf":{"city_name":"Madrid","city_name_display":"Madrid (De Cibeles au parc du Retiro)","languages":"Anglais, Espagnol, Fran\u00e7ais, Allemand","duration":"environ 1,5 \u00e0 2 heures","description_1":"","description_2":"","city_description":"Madrid est une ville qui ne ressemble \u00e0 aucune autre. De ses places anim\u00e9es \u00e0 ses rues baign\u00e9es de soleil, la capitale espagnole ne manquera pas de te captiver. Des monuments embl\u00e9matiques tels que le palais de Cyb\u00e8le et la porte d'Alcal\u00e1 t'attendent \u00e0 Madrid, ainsi que l'une de ses attractions les plus appr\u00e9ci\u00e9es et les plus incontournables, le parc du Retiro. Avec son grand \u00e9tang, son majestueux Palais de Cristal et ses jardins luxuriants, c'est un lieu idyllique pour se promener tranquillement tout en d\u00e9couvrant la culture et l'histoire de Madrid.","short_description":"","notes":"","header_image":92133,"highlight_locations":"Palacio de Cibeles, Palacio de Cristal, Parque del Retiro","additional_wheelchair":"Malheureusement, cette piste n\u2019est que partiellement adapt\u00e9e aux fauteuils roulants et aux poussettes en raison de ses pentes et de ses escaliers. Cependant, la piste peut \u00eatre jou\u00e9e, mais certains endroits peuvent \u00eatre plus difficiles d\u2019acc\u00e8s.","voucher_link":"","start_location_coordinates":"40.41895, -3.69447","start_location_name":"Station de m\u00e9tro Banco de Espa\u00f1a","start_location_address":"Calle de Alcal\u00e1, 48, 28014, Espagne","end_location_name":"Fuente de la Alcachofa","partner_object":null},"_links":{"self":[{"href":"https:\/\/explorial.com\/fr\/wp-json\/wp\/v2\/product\/92314","targetHints":{"allow":["GET"]}}],"collection":[{"href":"https:\/\/explorial.com\/fr\/wp-json\/wp\/v2\/product"}],"about":[{"href":"https:\/\/explorial.com\/fr\/wp-json\/wp\/v2\/types\/product"}],"replies":[{"embeddable":true,"href":"https:\/\/explorial.com\/fr\/wp-json\/wp\/v2\/comments?post=92314"}],"wp:featuredmedia":[{"embeddable":true,"href":"https:\/\/explorial.com\/fr\/wp-json\/wp\/v2\/media\/92139"}],"wp:attachment":[{"href":"https:\/\/explorial.com\/fr\/wp-json\/wp\/v2\/media?parent=92314"}],"wp:term":[{"taxonomy":"product_brand","embeddable":true,"href":"https:\/\/explorial.com\/fr\/wp-json\/wp\/v2\/product_brand?post=92314"},{"taxonomy":"product_cat","embeddable":true,"href":"https:\/\/explorial.com\/fr\/wp-json\/wp\/v2\/product_cat?post=92314"},{"taxonomy":"product_tag","embeddable":true,"href":"https:\/\/explorial.com\/fr\/wp-json\/wp\/v2\/product_tag?post=92314"}],"curies":[{"name":"wp","href":"https:\/\/api.w.org\/{rel}","templated":true}]}}