{"id":91978,"date":"2023-05-26T21:33:28","date_gmt":"2023-05-26T21:33:28","guid":{"rendered":"https:\/\/explorial.com\/trails\/tour-de-ville-lyon-1\/"},"modified":"2024-09-17T09:12:57","modified_gmt":"2024-09-17T09:12:57","slug":"tour-de-ville-lyon-1","status":"publish","type":"product","link":"https:\/\/explorial.com\/fr\/trails\/tour-de-ville-lyon-1\/","title":{"rendered":"Lyon"},"content":{"rendered":"","protected":false},"excerpt":{"rendered":"","protected":false},"featured_media":91797,"comment_status":"open","ping_status":"closed","template":"","meta":{"_acf_changed":false},"product_brand":[],"product_cat":[1406,1125],"product_tag":[1399],"class_list":{"0":"post-91978","1":"product","2":"type-product","3":"status-publish","4":"has-post-thumbnail","6":"product_cat-auvergne-rhone-alpes-fr","7":"product_cat-france-fr","8":"product_tag-lyon-es","10":"first","11":"instock","12":"sale","13":"taxable","14":"shipping-taxable","15":"purchasable","16":"product-type-variable"},"acf":{"city_name":"Lyon","city_name_display":"Lyon","languages":"Fran\u00e7ais, Anglais, Italien, Allemand","duration":"environ 1,5 \u00e0 2 heures","description_1":"","description_2":"","city_description":"Lyon est une ville au carrefour de l\u2019Europe dont l\u2019histoire a fortement influenc\u00e9 celle du continent. Devenue aujourd\u2019hui une grande m\u00e9tropole europ\u00e9enne, la ville a un incroyable palmar\u00e8s de reconnaissances et records qui attirent autant les touristes que les hommes d\u2019affaires. Autrefois, haut lieu de l\u2019Empire Romain, Lyon a su pr\u00e9server, au fil des si\u00e8cles, son riche patrimoine architectural et nous offre une vue incroyable sur plus de 2 000 ans d\u2019histoire. C\u2019est une ville tr\u00e8s vivante, au charme fou, qui ravit aussi bien nos yeux que nos papilles gustatives.","short_description":"","notes":"","header_image":91791,"highlight_locations":"Cath\u00e9drale Saint Jean-Baptiste, La fresque des Lyonnais, L\u2019H\u00f4tel de ville ","additional_wheelchair":"Malheureusement, cette piste n\u2019est que partiellement adapt\u00e9e aux fauteuils roulants et aux poussettes en raison de ses pentes et de ses escaliers. Cependant, la piste peut \u00eatre jou\u00e9e, mais certains endroits peuvent \u00eatre plus difficiles d\u2019acc\u00e8s.","voucher_link":"","start_location_coordinates":"45.76001, 4.82646","start_location_name":"Carte du vieux Lyon","start_location_address":"Cath\u00e9drale Saint-Jean-Baptiste, 69005 Lyon, France","end_location_name":"L\u2019Op\u00e9ra National","partner_object":null},"_links":{"self":[{"href":"https:\/\/explorial.com\/fr\/wp-json\/wp\/v2\/product\/91978","targetHints":{"allow":["GET"]}}],"collection":[{"href":"https:\/\/explorial.com\/fr\/wp-json\/wp\/v2\/product"}],"about":[{"href":"https:\/\/explorial.com\/fr\/wp-json\/wp\/v2\/types\/product"}],"replies":[{"embeddable":true,"href":"https:\/\/explorial.com\/fr\/wp-json\/wp\/v2\/comments?post=91978"}],"wp:featuredmedia":[{"embeddable":true,"href":"https:\/\/explorial.com\/fr\/wp-json\/wp\/v2\/media\/91797"}],"wp:attachment":[{"href":"https:\/\/explorial.com\/fr\/wp-json\/wp\/v2\/media?parent=91978"}],"wp:term":[{"taxonomy":"product_brand","embeddable":true,"href":"https:\/\/explorial.com\/fr\/wp-json\/wp\/v2\/product_brand?post=91978"},{"taxonomy":"product_cat","embeddable":true,"href":"https:\/\/explorial.com\/fr\/wp-json\/wp\/v2\/product_cat?post=91978"},{"taxonomy":"product_tag","embeddable":true,"href":"https:\/\/explorial.com\/fr\/wp-json\/wp\/v2\/product_tag?post=91978"}],"curies":[{"name":"wp","href":"https:\/\/api.w.org\/{rel}","templated":true}]}}