{"id":82965,"date":"2023-04-28T20:35:59","date_gmt":"2023-04-28T20:35:59","guid":{"rendered":"https:\/\/explorial.com\/trails\/tour-de-ville-chiang-mai-1\/"},"modified":"2024-02-26T09:47:01","modified_gmt":"2024-02-26T09:47:01","slug":"tour-de-ville-chiang-mai-1","status":"publish","type":"product","link":"https:\/\/explorial.com\/fr\/trails\/tour-de-ville-chiang-mai-1\/","title":{"rendered":"Chiang Mai"},"content":{"rendered":"","protected":false},"excerpt":{"rendered":"","protected":false},"featured_media":82784,"comment_status":"open","ping_status":"closed","template":"","meta":{"_acf_changed":false},"product_brand":[],"product_cat":[1326,1320],"product_tag":[1313],"class_list":{"0":"post-82965","1":"product","2":"type-product","3":"status-publish","4":"has-post-thumbnail","6":"product_cat-northern-thailand-fr","7":"product_cat-thailand-fr","8":"product_tag-chiang-mai-es","10":"first","11":"instock","12":"sale","13":"taxable","14":"shipping-taxable","15":"purchasable","16":"product-type-variable"},"acf":{"city_name":"Chiang Mai","city_name_display":"Chiang Mai","languages":"Allemand, Anglais","duration":"environ 1,5 \u00e0 2 heures","description_1":"","description_2":"","city_description":"","short_description":"","notes":"","header_image":82778,"highlight_locations":"Three Kings Monument, Wat Inthakin Saude Muang, Pratu Tha Phae Gate","additional_wheelchair":"Malheureusement, cette piste n\u2019est que partiellement adapt\u00e9e aux fauteuils roulants et aux poussettes en raison de ses pentes et de ses escaliers. Cependant, la piste peut \u00eatre jou\u00e9e, mais certains endroits peuvent \u00eatre plus difficiles d\u2019acc\u00e8s.","voucher_link":"","start_location_coordinates":"18.78135, 98.99013","start_location_name":"Big Tree","start_location_address":"71 Mun Mueang Rd, Chang Wat Chiang Mai 50200, Thailand","end_location_name":"Chiang Mai Gate (South)","partner_object":null},"_links":{"self":[{"href":"https:\/\/explorial.com\/fr\/wp-json\/wp\/v2\/product\/82965","targetHints":{"allow":["GET"]}}],"collection":[{"href":"https:\/\/explorial.com\/fr\/wp-json\/wp\/v2\/product"}],"about":[{"href":"https:\/\/explorial.com\/fr\/wp-json\/wp\/v2\/types\/product"}],"replies":[{"embeddable":true,"href":"https:\/\/explorial.com\/fr\/wp-json\/wp\/v2\/comments?post=82965"}],"wp:featuredmedia":[{"embeddable":true,"href":"https:\/\/explorial.com\/fr\/wp-json\/wp\/v2\/media\/82784"}],"wp:attachment":[{"href":"https:\/\/explorial.com\/fr\/wp-json\/wp\/v2\/media?parent=82965"}],"wp:term":[{"taxonomy":"product_brand","embeddable":true,"href":"https:\/\/explorial.com\/fr\/wp-json\/wp\/v2\/product_brand?post=82965"},{"taxonomy":"product_cat","embeddable":true,"href":"https:\/\/explorial.com\/fr\/wp-json\/wp\/v2\/product_cat?post=82965"},{"taxonomy":"product_tag","embeddable":true,"href":"https:\/\/explorial.com\/fr\/wp-json\/wp\/v2\/product_tag?post=82965"}],"curies":[{"name":"wp","href":"https:\/\/api.w.org\/{rel}","templated":true}]}}