{"id":82676,"date":"2023-04-28T20:29:46","date_gmt":"2023-04-28T20:29:46","guid":{"rendered":"https:\/\/explorial.com\/trails\/tour-de-ville-taipei-1\/"},"modified":"2024-09-10T10:01:07","modified_gmt":"2024-09-10T10:01:07","slug":"tour-de-ville-taipei-1","status":"publish","type":"product","link":"https:\/\/explorial.com\/fr\/trails\/tour-de-ville-taipei-1\/","title":{"rendered":"Taipei"},"content":{"rendered":"","protected":false},"excerpt":{"rendered":"","protected":false},"featured_media":82495,"comment_status":"open","ping_status":"closed","template":"","meta":{"_acf_changed":false},"product_brand":[],"product_cat":[1308,1302],"product_tag":[1295],"class_list":{"0":"post-82676","1":"product","2":"type-product","3":"status-publish","4":"has-post-thumbnail","6":"product_cat-northern-taiwan-fr","7":"product_cat-taiwan-fr","8":"product_tag-taipei-es","10":"first","11":"instock","12":"sale","13":"taxable","14":"shipping-taxable","15":"purchasable","16":"product-type-variable"},"acf":{"city_name":"Taipei","city_name_display":"Taipei","languages":"Anglais","duration":"environ 1,5 \u00e0 2 heures","description_1":"","description_2":"","city_description":"","short_description":"","notes":"","header_image":82489,"highlight_locations":"Chiang Kai-shek Memorial Hall, Presidential Hall Plaza, The Red House","additional_wheelchair":"Malheureusement, cette piste n\u2019est que partiellement adapt\u00e9e aux fauteuils roulants et aux poussettes en raison de ses pentes et de ses escaliers. Cependant, la piste peut \u00eatre jou\u00e9e, mais certains endroits peuvent \u00eatre plus difficiles d\u2019acc\u00e8s.","voucher_link":"","start_location_coordinates":"25.03341, 121.51796","start_location_name":"Chiang Kai-shek Memorial Hall MRT (Exit #4)","start_location_address":"No. 7\u865f, Section 1, Roosevelt Rd, Zhongzheng District, Taipei City, Taiwan 100","end_location_name":"Taipei\u2019s Rainbow Road","partner_object":null},"_links":{"self":[{"href":"https:\/\/explorial.com\/fr\/wp-json\/wp\/v2\/product\/82676","targetHints":{"allow":["GET"]}}],"collection":[{"href":"https:\/\/explorial.com\/fr\/wp-json\/wp\/v2\/product"}],"about":[{"href":"https:\/\/explorial.com\/fr\/wp-json\/wp\/v2\/types\/product"}],"replies":[{"embeddable":true,"href":"https:\/\/explorial.com\/fr\/wp-json\/wp\/v2\/comments?post=82676"}],"wp:featuredmedia":[{"embeddable":true,"href":"https:\/\/explorial.com\/fr\/wp-json\/wp\/v2\/media\/82495"}],"wp:attachment":[{"href":"https:\/\/explorial.com\/fr\/wp-json\/wp\/v2\/media?parent=82676"}],"wp:term":[{"taxonomy":"product_brand","embeddable":true,"href":"https:\/\/explorial.com\/fr\/wp-json\/wp\/v2\/product_brand?post=82676"},{"taxonomy":"product_cat","embeddable":true,"href":"https:\/\/explorial.com\/fr\/wp-json\/wp\/v2\/product_cat?post=82676"},{"taxonomy":"product_tag","embeddable":true,"href":"https:\/\/explorial.com\/fr\/wp-json\/wp\/v2\/product_tag?post=82676"}],"curies":[{"name":"wp","href":"https:\/\/api.w.org\/{rel}","templated":true}]}}