{"id":81501,"date":"2023-04-20T22:00:33","date_gmt":"2023-04-20T22:00:33","guid":{"rendered":"https:\/\/explorial.com\/trails\/tour-de-ville-melbourne-1\/"},"modified":"2024-09-09T09:31:17","modified_gmt":"2024-09-09T09:31:17","slug":"tour-de-ville-melbourne-1","status":"publish","type":"product","link":"https:\/\/explorial.com\/fr\/trails\/tour-de-ville-melbourne-1\/","title":{"rendered":"Melbourne (City Centre)"},"content":{"rendered":"","protected":false},"excerpt":{"rendered":"","protected":false},"featured_media":277109,"comment_status":"open","ping_status":"closed","template":"","meta":{"_acf_changed":false},"product_brand":[],"product_cat":[1271,1277],"product_tag":[1265],"class_list":{"0":"post-81501","1":"product","2":"type-product","3":"status-publish","4":"has-post-thumbnail","6":"product_cat-australia-fr","7":"product_cat-victoria-fr","8":"product_tag-melbourne-fr","10":"first","11":"instock","12":"sale","13":"taxable","14":"shipping-taxable","15":"purchasable","16":"product-type-variable"},"acf":{"city_name":"Melbourne","city_name_display":"Melbourne (City Centre)","languages":"Anglais","duration":"environ 1,5 \u00e0 2 heures","description_1":"","description_2":"","city_description":"","short_description":"","notes":"","header_image":277091,"highlight_locations":"Majorca Building, Flinders Street Station, AC\/DC Lane","additional_wheelchair":"Malheureusement, cette piste n\u2019est que partiellement adapt\u00e9e aux fauteuils roulants et aux poussettes en raison de ses pentes et de ses escaliers. Cependant, la piste peut \u00eatre jou\u00e9e, mais certains endroits peuvent \u00eatre plus difficiles d\u2019acc\u00e8s.","voucher_link":"","start_location_coordinates":"-37.81009, 144.96421","start_location_name":"Biblioth\u00e8que de l'\u00c9tat de Victoria","start_location_address":"328 Swanston St, Melbourne VIC 3000, Australie","end_location_name":"AC\/DC Lane","partner_object":null},"_links":{"self":[{"href":"https:\/\/explorial.com\/fr\/wp-json\/wp\/v2\/product\/81501","targetHints":{"allow":["GET"]}}],"collection":[{"href":"https:\/\/explorial.com\/fr\/wp-json\/wp\/v2\/product"}],"about":[{"href":"https:\/\/explorial.com\/fr\/wp-json\/wp\/v2\/types\/product"}],"replies":[{"embeddable":true,"href":"https:\/\/explorial.com\/fr\/wp-json\/wp\/v2\/comments?post=81501"}],"wp:featuredmedia":[{"embeddable":true,"href":"https:\/\/explorial.com\/fr\/wp-json\/wp\/v2\/media\/277109"}],"wp:attachment":[{"href":"https:\/\/explorial.com\/fr\/wp-json\/wp\/v2\/media?parent=81501"}],"wp:term":[{"taxonomy":"product_brand","embeddable":true,"href":"https:\/\/explorial.com\/fr\/wp-json\/wp\/v2\/product_brand?post=81501"},{"taxonomy":"product_cat","embeddable":true,"href":"https:\/\/explorial.com\/fr\/wp-json\/wp\/v2\/product_cat?post=81501"},{"taxonomy":"product_tag","embeddable":true,"href":"https:\/\/explorial.com\/fr\/wp-json\/wp\/v2\/product_tag?post=81501"}],"curies":[{"name":"wp","href":"https:\/\/api.w.org\/{rel}","templated":true}]}}