{"id":80939,"date":"2023-04-18T20:20:58","date_gmt":"2023-04-18T20:20:58","guid":{"rendered":"https:\/\/explorial.com\/trails\/tour-de-ville-portland-1\/"},"modified":"2024-09-10T12:17:25","modified_gmt":"2024-09-10T12:17:25","slug":"tour-de-ville-portland-1","status":"publish","type":"product","link":"https:\/\/explorial.com\/fr\/trails\/tour-de-ville-portland-1\/","title":{"rendered":"Portland (Downtown and Pearl District)"},"content":{"rendered":"","protected":false},"excerpt":{"rendered":"","protected":false},"featured_media":80758,"comment_status":"open","ping_status":"closed","template":"","meta":{"_acf_changed":false},"product_brand":[],"product_cat":[1210,1259],"product_tag":[1252],"class_list":{"0":"post-80939","1":"product","2":"type-product","3":"status-publish","4":"has-post-thumbnail","6":"product_cat-united-states-fr","7":"product_cat-oregon-fr","8":"product_tag-portland-es","10":"first","11":"instock","12":"sale","13":"taxable","14":"shipping-taxable","15":"purchasable","16":"product-type-variable"},"acf":{"city_name":"Portland","city_name_display":"Portland (Downtown and Pearl District)","languages":"Anglais, Espagnol","duration":"environ 1,5 \u00e0 2 heures","description_1":"","description_2":"","city_description":"","short_description":"","notes":"","header_image":80752,"highlight_locations":"Powell\u2019s City of Books, Chinatown Gateway, Portlandia ","additional_wheelchair":"Malheureusement, cette piste n\u2019est que partiellement adapt\u00e9e aux fauteuils roulants et aux poussettes en raison de ses pentes et de ses escaliers. Cependant, la piste peut \u00eatre jou\u00e9e, mais certains endroits peuvent \u00eatre plus difficiles d\u2019acc\u00e8s.","voucher_link":"","start_location_coordinates":"45.51534, -122.67329","start_location_name":"Salmon Street Springs","start_location_address":"1000 SW Naito Pkwy, Portland, OR 97204, \u00c9tats-Unis","end_location_name":"Chinatown Gateway","partner_object":null},"_links":{"self":[{"href":"https:\/\/explorial.com\/fr\/wp-json\/wp\/v2\/product\/80939","targetHints":{"allow":["GET"]}}],"collection":[{"href":"https:\/\/explorial.com\/fr\/wp-json\/wp\/v2\/product"}],"about":[{"href":"https:\/\/explorial.com\/fr\/wp-json\/wp\/v2\/types\/product"}],"replies":[{"embeddable":true,"href":"https:\/\/explorial.com\/fr\/wp-json\/wp\/v2\/comments?post=80939"}],"wp:featuredmedia":[{"embeddable":true,"href":"https:\/\/explorial.com\/fr\/wp-json\/wp\/v2\/media\/80758"}],"wp:attachment":[{"href":"https:\/\/explorial.com\/fr\/wp-json\/wp\/v2\/media?parent=80939"}],"wp:term":[{"taxonomy":"product_brand","embeddable":true,"href":"https:\/\/explorial.com\/fr\/wp-json\/wp\/v2\/product_brand?post=80939"},{"taxonomy":"product_cat","embeddable":true,"href":"https:\/\/explorial.com\/fr\/wp-json\/wp\/v2\/product_cat?post=80939"},{"taxonomy":"product_tag","embeddable":true,"href":"https:\/\/explorial.com\/fr\/wp-json\/wp\/v2\/product_tag?post=80939"}],"curies":[{"name":"wp","href":"https:\/\/api.w.org\/{rel}","templated":true}]}}