{"id":73268,"date":"2021-03-31T08:27:11","date_gmt":"2021-03-31T08:27:11","guid":{"rendered":"https:\/\/explorial.com\/trails\/tour-de-ville-zurich-1\/"},"modified":"2024-09-16T09:35:51","modified_gmt":"2024-09-16T09:35:51","slug":"tour-de-ville-zurich-1","status":"publish","type":"product","link":"https:\/\/explorial.com\/fr\/trails\/tour-de-ville-zurich-1\/","title":{"rendered":"Zurich (Vieille ville 1)"},"content":{"rendered":"","protected":false},"excerpt":{"rendered":"","protected":false},"featured_media":61367,"comment_status":"open","ping_status":"closed","template":"","meta":{"_acf_changed":false},"product_brand":[],"product_cat":[1186,1181],"product_tag":[1208],"class_list":{"0":"post-73268","1":"product","2":"type-product","3":"status-publish","4":"has-post-thumbnail","6":"product_cat-zurich-region-fr","7":"product_cat-switzerland-fr","8":"product_tag-zurich-fr","10":"first","11":"instock","12":"sale","13":"taxable","14":"shipping-taxable","15":"purchasable","16":"product-type-variable"},"acf":{"city_name":"Zurich","city_name_display":"Zurich (Vieille ville 1)","languages":"Anglais, Allemand, Espagnol, Italien, Fran\u00e7ais","duration":"environ 1,5 \u00e0 2 heures","description_1":"","description_2":"","city_description":"Zurich sait conjuguer effervescence et tranquillit\u00e9\u00a0! La plus grande ville de Suisse rec\u00e8le encore de nombreux espaces romantiques, des \u00e9glises et des places historiques, avec en toile de fond le magnifique d\u00e9cor du lac.","short_description":"","notes":"","header_image":61360,"highlight_locations":"Grossm\u00fcnster, Sechsel\u00e4utenplatz, Paradeplatz","additional_wheelchair":"Malheureusement, cette piste n\u2019est que partiellement adapt\u00e9e aux fauteuils roulants et aux poussettes en raison de ses pentes et de ses escaliers. Cependant, la piste peut \u00eatre jou\u00e9e, mais certains endroits peuvent \u00eatre plus difficiles d\u2019acc\u00e8s.","voucher_link":"","start_location_coordinates":"47.3715503, 8.5423957","start_location_name":"Rathaus","start_location_address":"8001 Zurich","end_location_name":"B\u00fcrkliplatz","partner_object":73262},"_links":{"self":[{"href":"https:\/\/explorial.com\/fr\/wp-json\/wp\/v2\/product\/73268","targetHints":{"allow":["GET"]}}],"collection":[{"href":"https:\/\/explorial.com\/fr\/wp-json\/wp\/v2\/product"}],"about":[{"href":"https:\/\/explorial.com\/fr\/wp-json\/wp\/v2\/types\/product"}],"replies":[{"embeddable":true,"href":"https:\/\/explorial.com\/fr\/wp-json\/wp\/v2\/comments?post=73268"}],"acf:post":[{"embeddable":true,"href":"https:\/\/explorial.com\/fr\/wp-json\/wp\/v2\/partner\/73262"}],"wp:featuredmedia":[{"embeddable":true,"href":"https:\/\/explorial.com\/fr\/wp-json\/wp\/v2\/media\/61367"}],"wp:attachment":[{"href":"https:\/\/explorial.com\/fr\/wp-json\/wp\/v2\/media?parent=73268"}],"wp:term":[{"taxonomy":"product_brand","embeddable":true,"href":"https:\/\/explorial.com\/fr\/wp-json\/wp\/v2\/product_brand?post=73268"},{"taxonomy":"product_cat","embeddable":true,"href":"https:\/\/explorial.com\/fr\/wp-json\/wp\/v2\/product_cat?post=73268"},{"taxonomy":"product_tag","embeddable":true,"href":"https:\/\/explorial.com\/fr\/wp-json\/wp\/v2\/product_tag?post=73268"}],"curies":[{"name":"wp","href":"https:\/\/api.w.org\/{rel}","templated":true}]}}