{"id":73164,"date":"2021-09-30T08:21:51","date_gmt":"2021-09-30T08:21:51","guid":{"rendered":"https:\/\/explorial.com\/trails\/tour-de-ville-thun-1\/"},"modified":"2024-09-16T09:41:34","modified_gmt":"2024-09-16T09:41:34","slug":"tour-de-ville-thun-1","status":"publish","type":"product","link":"https:\/\/explorial.com\/fr\/trails\/tour-de-ville-thun-1\/","title":{"rendered":"Thun"},"content":{"rendered":"","protected":false},"excerpt":{"rendered":"","protected":false},"featured_media":61306,"comment_status":"open","ping_status":"closed","template":"","meta":{"_acf_changed":false},"product_brand":[],"product_cat":[1188,1181],"product_tag":[936],"class_list":{"0":"post-73164","1":"product","2":"type-product","3":"status-publish","4":"has-post-thumbnail","6":"product_cat-swiss-plateau-fr","7":"product_cat-switzerland-fr","8":"product_tag-thun-es","10":"first","11":"instock","12":"sale","13":"taxable","14":"shipping-taxable","15":"purchasable","16":"product-type-variable"},"acf":{"city_name":"Thun","city_name_display":"Thun","languages":"Fran\u00e7ais, Allemand","duration":"environ 1,5 \u00e0 2 heures","description_1":"","description_2":"","city_description":"Le lac, l\u2019Aar, l\u2019imposant panorama de montagnes, la vieille ville m\u00e9di\u00e9vale avec ses trottoirs sur\u00e9lev\u00e9s uniques en leur genre... Le charme de Thoune envo\u00fbte aussi bien les habitants que les visiteurs.","short_description":"","notes":"","header_image":61299,"highlight_locations":"Rathausplatz, Schloss Thun, Stadtkirche Thun","additional_wheelchair":"Malheureusement, cette piste n\u2019est que partiellement adapt\u00e9e aux fauteuils roulants et aux poussettes en raison de ses pentes et de ses escaliers. Cependant, la piste peut \u00eatre jou\u00e9e, mais certains endroits peuvent \u00eatre plus difficiles d\u2019acc\u00e8s.","voucher_link":"","start_location_coordinates":"46.755456, 7.630099","start_location_name":"Aarefeldplatz","start_location_address":"3600 Thun","end_location_name":"\u00c9cluse sup\u00e9rieure","partner_object":null},"_links":{"self":[{"href":"https:\/\/explorial.com\/fr\/wp-json\/wp\/v2\/product\/73164","targetHints":{"allow":["GET"]}}],"collection":[{"href":"https:\/\/explorial.com\/fr\/wp-json\/wp\/v2\/product"}],"about":[{"href":"https:\/\/explorial.com\/fr\/wp-json\/wp\/v2\/types\/product"}],"replies":[{"embeddable":true,"href":"https:\/\/explorial.com\/fr\/wp-json\/wp\/v2\/comments?post=73164"}],"wp:featuredmedia":[{"embeddable":true,"href":"https:\/\/explorial.com\/fr\/wp-json\/wp\/v2\/media\/61306"}],"wp:attachment":[{"href":"https:\/\/explorial.com\/fr\/wp-json\/wp\/v2\/media?parent=73164"}],"wp:term":[{"taxonomy":"product_brand","embeddable":true,"href":"https:\/\/explorial.com\/fr\/wp-json\/wp\/v2\/product_brand?post=73164"},{"taxonomy":"product_cat","embeddable":true,"href":"https:\/\/explorial.com\/fr\/wp-json\/wp\/v2\/product_cat?post=73164"},{"taxonomy":"product_tag","embeddable":true,"href":"https:\/\/explorial.com\/fr\/wp-json\/wp\/v2\/product_tag?post=73164"}],"curies":[{"name":"wp","href":"https:\/\/api.w.org\/{rel}","templated":true}]}}