{"id":73080,"date":"2020-07-18T08:12:55","date_gmt":"2020-07-18T08:12:55","guid":{"rendered":"https:\/\/explorial.com\/trails\/tour-de-ville-schaffhouse-1\/"},"modified":"2024-09-16T09:09:03","modified_gmt":"2024-09-16T09:09:03","slug":"tour-de-ville-schaffhouse-1","status":"publish","type":"product","link":"https:\/\/explorial.com\/fr\/trails\/tour-de-ville-schaffhouse-1\/","title":{"rendered":"Schaffhouse"},"content":{"rendered":"","protected":false},"excerpt":{"rendered":"","protected":false},"featured_media":61190,"comment_status":"open","ping_status":"closed","template":"","meta":{"_acf_changed":false},"product_brand":[],"product_cat":[1181,1184],"product_tag":[1202],"class_list":{"0":"post-73080","1":"product","2":"type-product","3":"status-publish","4":"has-post-thumbnail","6":"product_cat-switzerland-fr","7":"product_cat-eastern-switzerland-fr","8":"product_tag-schaffhausen-fr","10":"first","11":"instock","12":"sale","13":"taxable","14":"shipping-taxable","15":"purchasable","16":"product-type-variable"},"acf":{"city_name":"Schaffhouse","city_name_display":"Schaffhouse","languages":"Allemand, Anglais","duration":"environ 1,5 \u00e0 2 heures","description_1":"","description_2":"","city_description":"","short_description":"","notes":"","header_image":158997,"highlight_locations":"Haus zum Ritter, Schillerglocke \/ Kr\u00e4utergarten, Schiffl\u00e4nde","additional_wheelchair":"Malheureusement, cette piste n\u2019est que partiellement adapt\u00e9e aux fauteuils roulants et aux poussettes en raison de ses pentes et de ses escaliers. Cependant, la piste peut \u00eatre jou\u00e9e, mais certains endroits peuvent \u00eatre plus difficiles d\u2019acc\u00e8s.","voucher_link":"","start_location_coordinates":"47.696478, 8.633464","start_location_name":"Fronwagplatz","start_location_address":"8200 Schaffhausen","end_location_name":"Schiffl\u00e4nde","partner_object":73013},"_links":{"self":[{"href":"https:\/\/explorial.com\/fr\/wp-json\/wp\/v2\/product\/73080","targetHints":{"allow":["GET"]}}],"collection":[{"href":"https:\/\/explorial.com\/fr\/wp-json\/wp\/v2\/product"}],"about":[{"href":"https:\/\/explorial.com\/fr\/wp-json\/wp\/v2\/types\/product"}],"replies":[{"embeddable":true,"href":"https:\/\/explorial.com\/fr\/wp-json\/wp\/v2\/comments?post=73080"}],"acf:post":[{"embeddable":true,"href":"https:\/\/explorial.com\/fr\/wp-json\/wp\/v2\/partner\/73013"}],"wp:featuredmedia":[{"embeddable":true,"href":"https:\/\/explorial.com\/fr\/wp-json\/wp\/v2\/media\/61190"}],"wp:attachment":[{"href":"https:\/\/explorial.com\/fr\/wp-json\/wp\/v2\/media?parent=73080"}],"wp:term":[{"taxonomy":"product_brand","embeddable":true,"href":"https:\/\/explorial.com\/fr\/wp-json\/wp\/v2\/product_brand?post=73080"},{"taxonomy":"product_cat","embeddable":true,"href":"https:\/\/explorial.com\/fr\/wp-json\/wp\/v2\/product_cat?post=73080"},{"taxonomy":"product_tag","embeddable":true,"href":"https:\/\/explorial.com\/fr\/wp-json\/wp\/v2\/product_tag?post=73080"}],"curies":[{"name":"wp","href":"https:\/\/api.w.org\/{rel}","templated":true}]}}