{"id":72841,"date":"2021-08-13T08:04:35","date_gmt":"2021-08-13T08:04:35","guid":{"rendered":"https:\/\/explorial.com\/trails\/tour-de-ville-luzerne-1\/"},"modified":"2024-09-16T09:44:28","modified_gmt":"2024-09-16T09:44:28","slug":"tour-de-ville-luzerne-1","status":"publish","type":"product","link":"https:\/\/explorial.com\/fr\/trails\/tour-de-ville-luzerne-1\/","title":{"rendered":"Luzerne"},"content":{"rendered":"","protected":false},"excerpt":{"rendered":"","protected":false},"featured_media":61077,"comment_status":"open","ping_status":"closed","template":"","meta":{"_acf_changed":false},"product_brand":[],"product_cat":[1181,1182],"product_tag":[1195],"class_list":{"0":"post-72841","1":"product","2":"type-product","3":"status-publish","4":"has-post-thumbnail","6":"product_cat-switzerland-fr","7":"product_cat-central-and-northwestern-switzerland-fr","8":"product_tag-lucerne-fr","10":"first","11":"instock","12":"sale","13":"taxable","14":"shipping-taxable","15":"purchasable","16":"product-type-variable"},"acf":{"city_name":"Luzerne","city_name_display":"Luzerne","languages":"Anglais, Allemand, Espagnol, Italien, Fran\u00e7ais","duration":"environ 1,5 \u00e0 2 heures","description_1":"","description_2":"","city_description":"Lucerne est \u00e0 juste titre l\u2019une des villes les plus visit\u00e9es de Suisse\u00a0: une vieille ville magnifique avec de nombreuses curiosit\u00e9s, une situation idyllique au bord du lac des Quatre-Cantons et entour\u00e9e de diverses montagnes mondialement connues. Que demander de plus\u00a0?","short_description":"","notes":"","header_image":61070,"highlight_locations":"Kapellbr\u00fccke, Fritschibrunnen, Hofkirche","additional_wheelchair":"Malheureusement, cette piste n\u2019est que partiellement adapt\u00e9e aux fauteuils roulants et aux poussettes en raison de ses pentes et de ses escaliers. Cependant, la piste peut \u00eatre jou\u00e9e, mais certains endroits peuvent \u00eatre plus difficiles d\u2019acc\u00e8s.","voucher_link":"","start_location_coordinates":"47.05073, 8.31021","start_location_name":"Gare de Lucerne","start_location_address":"6003 Lucerne","end_location_name":"L\u00f6wendenkmal","partner_object":null},"_links":{"self":[{"href":"https:\/\/explorial.com\/fr\/wp-json\/wp\/v2\/product\/72841","targetHints":{"allow":["GET"]}}],"collection":[{"href":"https:\/\/explorial.com\/fr\/wp-json\/wp\/v2\/product"}],"about":[{"href":"https:\/\/explorial.com\/fr\/wp-json\/wp\/v2\/types\/product"}],"replies":[{"embeddable":true,"href":"https:\/\/explorial.com\/fr\/wp-json\/wp\/v2\/comments?post=72841"}],"wp:featuredmedia":[{"embeddable":true,"href":"https:\/\/explorial.com\/fr\/wp-json\/wp\/v2\/media\/61077"}],"wp:attachment":[{"href":"https:\/\/explorial.com\/fr\/wp-json\/wp\/v2\/media?parent=72841"}],"wp:term":[{"taxonomy":"product_brand","embeddable":true,"href":"https:\/\/explorial.com\/fr\/wp-json\/wp\/v2\/product_brand?post=72841"},{"taxonomy":"product_cat","embeddable":true,"href":"https:\/\/explorial.com\/fr\/wp-json\/wp\/v2\/product_cat?post=72841"},{"taxonomy":"product_tag","embeddable":true,"href":"https:\/\/explorial.com\/fr\/wp-json\/wp\/v2\/product_tag?post=72841"}],"curies":[{"name":"wp","href":"https:\/\/api.w.org\/{rel}","templated":true}]}}