{"id":72812,"date":"2022-04-08T08:02:49","date_gmt":"2022-04-08T08:02:49","guid":{"rendered":"https:\/\/explorial.com\/trails\/tour-de-ville-lausanne-1\/"},"modified":"2024-09-16T09:12:25","modified_gmt":"2024-09-16T09:12:25","slug":"tour-de-ville-lausanne-1","status":"publish","type":"product","link":"https:\/\/explorial.com\/fr\/trails\/tour-de-ville-lausanne-1\/","title":{"rendered":"Lausanne (Centre ville)"},"content":{"rendered":"","protected":false},"excerpt":{"rendered":"","protected":false},"featured_media":61044,"comment_status":"open","ping_status":"closed","template":"","meta":{"_acf_changed":false},"product_brand":[],"product_cat":[1181,1192],"product_tag":[881],"class_list":{"0":"post-72812","1":"product","2":"type-product","3":"status-publish","4":"has-post-thumbnail","6":"product_cat-switzerland-fr","7":"product_cat-lake-geneva-region-fr","8":"product_tag-lausanne-es","10":"first","11":"instock","12":"sale","13":"taxable","14":"shipping-taxable","15":"purchasable","16":"product-type-variable"},"acf":{"city_name":"Lausanne","city_name_display":"Lausanne (Centre ville)","languages":"Fran\u00e7ais, Anglais, Allemand","duration":"environ 1,5 \u00e0 2 heures","description_1":"","description_2":"","city_description":"Lausanne, la ville aux vues spectaculaires, n\u2019aura de cesse de vous surprendre. C\u2019est une ville riche en histoire qui regorge de secrets. Entre lac et montagnes, elle est id\u00e9alement plac\u00e9e et se veut \u00e0 la fois culturelle et artistique.","short_description":"","notes":"","header_image":158964,"highlight_locations":"Place de la cath\u00e9drale, La tour Bel Air, Esplanade de Montbenon","additional_wheelchair":"Malheureusement, cette piste n\u2019est que partiellement adapt\u00e9e aux fauteuils roulants et aux poussettes en raison de ses pentes et de ses escaliers. Cependant, la piste peut \u00eatre jou\u00e9e, mais certains endroits peuvent \u00eatre plus difficiles d\u2019acc\u00e8s.","voucher_link":"","start_location_coordinates":"46.5245473, 6.6354096","start_location_name":"Place du ch\u00e2teau","start_location_address":"1005 Lausanne","end_location_name":"Esplanade de Montbenon","partner_object":null},"_links":{"self":[{"href":"https:\/\/explorial.com\/fr\/wp-json\/wp\/v2\/product\/72812","targetHints":{"allow":["GET"]}}],"collection":[{"href":"https:\/\/explorial.com\/fr\/wp-json\/wp\/v2\/product"}],"about":[{"href":"https:\/\/explorial.com\/fr\/wp-json\/wp\/v2\/types\/product"}],"replies":[{"embeddable":true,"href":"https:\/\/explorial.com\/fr\/wp-json\/wp\/v2\/comments?post=72812"}],"wp:featuredmedia":[{"embeddable":true,"href":"https:\/\/explorial.com\/fr\/wp-json\/wp\/v2\/media\/61044"}],"wp:attachment":[{"href":"https:\/\/explorial.com\/fr\/wp-json\/wp\/v2\/media?parent=72812"}],"wp:term":[{"taxonomy":"product_brand","embeddable":true,"href":"https:\/\/explorial.com\/fr\/wp-json\/wp\/v2\/product_brand?post=72812"},{"taxonomy":"product_cat","embeddable":true,"href":"https:\/\/explorial.com\/fr\/wp-json\/wp\/v2\/product_cat?post=72812"},{"taxonomy":"product_tag","embeddable":true,"href":"https:\/\/explorial.com\/fr\/wp-json\/wp\/v2\/product_tag?post=72812"}],"curies":[{"name":"wp","href":"https:\/\/api.w.org\/{rel}","templated":true}]}}