{"id":72688,"date":"2021-05-20T07:54:37","date_gmt":"2021-05-20T07:54:37","guid":{"rendered":"https:\/\/explorial.com\/trails\/tour-de-ville-bale-1\/"},"modified":"2024-09-16T09:24:26","modified_gmt":"2024-09-16T09:24:26","slug":"tour-de-ville-bale-1","status":"publish","type":"product","link":"https:\/\/explorial.com\/fr\/trails\/tour-de-ville-bale-1\/","title":{"rendered":"B\u00e2le"},"content":{"rendered":"","protected":false},"excerpt":{"rendered":"","protected":false},"featured_media":60949,"comment_status":"open","ping_status":"closed","template":"","meta":{"_acf_changed":false},"product_brand":[],"product_cat":[1181,1182],"product_tag":[851],"class_list":{"0":"post-72688","1":"product","2":"type-product","3":"status-publish","4":"has-post-thumbnail","6":"product_cat-switzerland-fr","7":"product_cat-central-and-northwestern-switzerland-fr","8":"product_tag-basel-es","10":"first","11":"instock","12":"sale","13":"taxable","14":"shipping-taxable","15":"purchasable","16":"product-type-variable"},"acf":{"city_name":"B\u00e2le","city_name_display":"B\u00e2le","languages":"Anglais, Allemand, Espagnol, Italien, Fran\u00e7ais","duration":"environ 1,5 \u00e0 2 heures","description_1":"","description_2":"","city_description":"M\u00eame en dehors de la p\u00e9riode du carnaval, B\u00e2le vaut toujours le d\u00e9tour. Partez \u00e0 la d\u00e9couverte du \u00ab\u00a0L\u00e4llek\u00f6nig\u00a0\u00bb et des \u00ab\u00a0Basilisken\u00a0\u00bb et apprenez-en plus sur cette ville frontali\u00e8re charg\u00e9e d\u2019histoire et situ\u00e9e au carrefour de trois pays.","short_description":"","notes":"","header_image":86727,"highlight_locations":"Tinguely Brunnen, Aussichtspunkt Pfalz, Rathaus","additional_wheelchair":"Malheureusement, cette piste n\u2019est que partiellement adapt\u00e9e aux fauteuils roulants et aux poussettes en raison de ses pentes et de ses escaliers. Cependant, la piste peut \u00eatre jou\u00e9e, mais certains endroits peuvent \u00eatre plus difficiles d\u2019acc\u00e8s.","voucher_link":"","start_location_coordinates":"47.55458, 7.5897","start_location_name":"Barf\u00fcsserplatz","start_location_address":"4000 B\u00e2le","end_location_name":"Graffiti de rock star","partner_object":72687},"_links":{"self":[{"href":"https:\/\/explorial.com\/fr\/wp-json\/wp\/v2\/product\/72688","targetHints":{"allow":["GET"]}}],"collection":[{"href":"https:\/\/explorial.com\/fr\/wp-json\/wp\/v2\/product"}],"about":[{"href":"https:\/\/explorial.com\/fr\/wp-json\/wp\/v2\/types\/product"}],"replies":[{"embeddable":true,"href":"https:\/\/explorial.com\/fr\/wp-json\/wp\/v2\/comments?post=72688"}],"acf:post":[{"embeddable":true,"href":"https:\/\/explorial.com\/fr\/wp-json\/wp\/v2\/partner\/72687"}],"wp:featuredmedia":[{"embeddable":true,"href":"https:\/\/explorial.com\/fr\/wp-json\/wp\/v2\/media\/60949"}],"wp:attachment":[{"href":"https:\/\/explorial.com\/fr\/wp-json\/wp\/v2\/media?parent=72688"}],"wp:term":[{"taxonomy":"product_brand","embeddable":true,"href":"https:\/\/explorial.com\/fr\/wp-json\/wp\/v2\/product_brand?post=72688"},{"taxonomy":"product_cat","embeddable":true,"href":"https:\/\/explorial.com\/fr\/wp-json\/wp\/v2\/product_cat?post=72688"},{"taxonomy":"product_tag","embeddable":true,"href":"https:\/\/explorial.com\/fr\/wp-json\/wp\/v2\/product_tag?post=72688"}],"curies":[{"name":"wp","href":"https:\/\/api.w.org\/{rel}","templated":true}]}}