{"id":72452,"date":"2022-06-27T13:38:07","date_gmt":"2022-06-27T13:38:07","guid":{"rendered":"https:\/\/explorial.com\/trails\/tour-de-ville-valence-2\/"},"modified":"2024-09-17T07:43:36","modified_gmt":"2024-09-17T07:43:36","slug":"tour-de-ville-valence-2","status":"publish","type":"product","link":"https:\/\/explorial.com\/fr\/trails\/tour-de-ville-valence-2\/","title":{"rendered":"Valence (Les curiosit\u00e9s modernistes)"},"content":{"rendered":"","protected":false},"excerpt":{"rendered":"","protected":false},"featured_media":61783,"comment_status":"open","ping_status":"closed","template":"","meta":{"_acf_changed":false},"product_brand":[],"product_cat":[1169,1177],"product_tag":[1176],"class_list":{"0":"post-72452","1":"product","2":"type-product","3":"status-publish","4":"has-post-thumbnail","6":"product_cat-spain-fr","7":"product_cat-valencia-fr","8":"product_tag-valencia-fr","10":"first","11":"instock","12":"sale","13":"taxable","14":"shipping-taxable","15":"purchasable","16":"product-type-variable"},"acf":{"city_name":"Valence","city_name_display":"Valence (Les curiosit\u00e9s modernistes)","languages":"Espagnol, Anglais, Fran\u00e7ais, Allemand","duration":"environ 1,5 \u00e0 2 heures","description_1":"","description_2":"","city_description":"Valence est \u00e0 couper le souffle ! De l'impressionnante architecture rococo du Palais du Marquis de Dos Aguas au march\u00e9 central moderniste, en passant par un fascinant b\u00e2timent class\u00e9 au patrimoine mondial, des styles architecturaux authentiques et de curieuses l\u00e9gendes t'attendent \u00e0 Valence.","short_description":"","notes":"","header_image":56653,"highlight_locations":"El Mercado Central, La Lonja de los Mercaderes, Palacio del Marqu\u00e9s de Dos Aguas","additional_wheelchair":"Malheureusement, cette piste n\u2019est que partiellement adapt\u00e9e aux fauteuils roulants et aux poussettes en raison de ses pentes et de ses escaliers. Cependant, la piste peut \u00eatre jou\u00e9e, mais certains endroits peuvent \u00eatre plus difficiles d\u2019acc\u00e8s.","voucher_link":"","start_location_coordinates":"39.46738, -0.37702","start_location_name":"Station de m\u00e9tro X\u00e0tiva","start_location_address":"46007 Valence, Espagne","end_location_name":"Palais du Marquis de Dos Aguas","partner_object":null},"_links":{"self":[{"href":"https:\/\/explorial.com\/fr\/wp-json\/wp\/v2\/product\/72452","targetHints":{"allow":["GET"]}}],"collection":[{"href":"https:\/\/explorial.com\/fr\/wp-json\/wp\/v2\/product"}],"about":[{"href":"https:\/\/explorial.com\/fr\/wp-json\/wp\/v2\/types\/product"}],"replies":[{"embeddable":true,"href":"https:\/\/explorial.com\/fr\/wp-json\/wp\/v2\/comments?post=72452"}],"wp:featuredmedia":[{"embeddable":true,"href":"https:\/\/explorial.com\/fr\/wp-json\/wp\/v2\/media\/61783"}],"wp:attachment":[{"href":"https:\/\/explorial.com\/fr\/wp-json\/wp\/v2\/media?parent=72452"}],"wp:term":[{"taxonomy":"product_brand","embeddable":true,"href":"https:\/\/explorial.com\/fr\/wp-json\/wp\/v2\/product_brand?post=72452"},{"taxonomy":"product_cat","embeddable":true,"href":"https:\/\/explorial.com\/fr\/wp-json\/wp\/v2\/product_cat?post=72452"},{"taxonomy":"product_tag","embeddable":true,"href":"https:\/\/explorial.com\/fr\/wp-json\/wp\/v2\/product_tag?post=72452"}],"curies":[{"name":"wp","href":"https:\/\/api.w.org\/{rel}","templated":true}]}}