{"id":72424,"date":"2022-04-15T13:36:42","date_gmt":"2022-04-15T13:36:42","guid":{"rendered":"https:\/\/explorial.com\/trails\/tour-de-ville-valence-1\/"},"modified":"2024-09-17T07:56:06","modified_gmt":"2024-09-17T07:56:06","slug":"tour-de-ville-valence-1","status":"publish","type":"product","link":"https:\/\/explorial.com\/fr\/trails\/tour-de-ville-valence-1\/","title":{"rendered":"Valence (Centre historique)"},"content":{"rendered":"","protected":false},"excerpt":{"rendered":"","protected":false},"featured_media":59542,"comment_status":"open","ping_status":"closed","template":"","meta":{"_acf_changed":false},"product_brand":[],"product_cat":[1169,1177],"product_tag":[1176],"class_list":{"0":"post-72424","1":"product","2":"type-product","3":"status-publish","4":"has-post-thumbnail","6":"product_cat-spain-fr","7":"product_cat-valencia-fr","8":"product_tag-valencia-fr","10":"first","11":"instock","12":"sale","13":"taxable","14":"shipping-taxable","15":"purchasable","16":"product-type-variable"},"acf":{"city_name":"Valence","city_name_display":"Valence (Centre historique)","languages":"Anglais, Espagnol, Fran\u00e7ais, Allemand","duration":"environ 1,5 \u00e0 2 heures","description_1":"","description_2":"","city_description":"B\u00e9n\u00e9ficiant de plus de 300 jours de soleil par an, Valence a beaucoup \u00e0 offrir : une vieille ville semblable \u00e0 un labyrinthe, des joyaux cach\u00e9s, des arts de la rue color\u00e9s, des traditions culturelles uniques, des places anim\u00e9es et un grand poumon vert - il y a tellement de choses \u00e0 explorer \u00e0 Valence !","short_description":"","notes":"","header_image":56611,"highlight_locations":"La Catedral de Valencia, Torres de Serranos, Plaza de la Almoina","additional_wheelchair":"Malheureusement, cette piste n\u2019est que partiellement adapt\u00e9e aux fauteuils roulants et aux poussettes en raison de ses pentes et de ses escaliers. Cependant, la piste peut \u00eatre jou\u00e9e, mais certains endroits peuvent \u00eatre plus difficiles d\u2019acc\u00e8s.","voucher_link":"","start_location_coordinates":"39.4759, -0.37439","start_location_name":"Casa Punt de Gantxo 1906","start_location_address":"Plaza de la Almoina, 4, 46003 Espagne","end_location_name":"Quartier El Carmen","partner_object":null},"_links":{"self":[{"href":"https:\/\/explorial.com\/fr\/wp-json\/wp\/v2\/product\/72424","targetHints":{"allow":["GET"]}}],"collection":[{"href":"https:\/\/explorial.com\/fr\/wp-json\/wp\/v2\/product"}],"about":[{"href":"https:\/\/explorial.com\/fr\/wp-json\/wp\/v2\/types\/product"}],"replies":[{"embeddable":true,"href":"https:\/\/explorial.com\/fr\/wp-json\/wp\/v2\/comments?post=72424"}],"wp:featuredmedia":[{"embeddable":true,"href":"https:\/\/explorial.com\/fr\/wp-json\/wp\/v2\/media\/59542"}],"wp:attachment":[{"href":"https:\/\/explorial.com\/fr\/wp-json\/wp\/v2\/media?parent=72424"}],"wp:term":[{"taxonomy":"product_brand","embeddable":true,"href":"https:\/\/explorial.com\/fr\/wp-json\/wp\/v2\/product_brand?post=72424"},{"taxonomy":"product_cat","embeddable":true,"href":"https:\/\/explorial.com\/fr\/wp-json\/wp\/v2\/product_cat?post=72424"},{"taxonomy":"product_tag","embeddable":true,"href":"https:\/\/explorial.com\/fr\/wp-json\/wp\/v2\/product_tag?post=72424"}],"curies":[{"name":"wp","href":"https:\/\/api.w.org\/{rel}","templated":true}]}}