{"id":72390,"date":"2022-10-10T13:41:01","date_gmt":"2022-10-10T13:41:01","guid":{"rendered":"https:\/\/explorial.com\/trails\/tour-de-ville-tarragone-1\/"},"modified":"2024-09-17T07:40:41","modified_gmt":"2024-09-17T07:40:41","slug":"tour-de-ville-tarragone-1","status":"publish","type":"product","link":"https:\/\/explorial.com\/fr\/trails\/tour-de-ville-tarragone-1\/","title":{"rendered":"Tarragone"},"content":{"rendered":"","protected":false},"excerpt":{"rendered":"","protected":false},"featured_media":59489,"comment_status":"open","ping_status":"closed","template":"","meta":{"_acf_changed":false},"product_brand":[],"product_cat":[1170,1169],"product_tag":[1175],"class_list":{"0":"post-72390","1":"product","2":"type-product","3":"status-publish","4":"has-post-thumbnail","6":"product_cat-catalonia-fr","7":"product_cat-spain-fr","8":"product_tag-tarragona-fr","10":"first","11":"instock","12":"sale","13":"taxable","14":"shipping-taxable","15":"purchasable","16":"product-type-variable"},"acf":{"city_name":"Tarragone","city_name_display":"Tarragone","languages":"Espagnol, Anglais, Fran\u00e7ais, Allemand","duration":"environ 1,5 \u00e0 2 heures","description_1":"","description_2":"","city_description":"Joyau cach\u00e9 du sud de la Catalogne, Tarragone te surprendra. D\u00e9couvre les traditions locales, les sites romains charg\u00e9s d'histoire et amuse-toi en fl\u00e2nant dans les rues \u00e9troites de la vieille ville. Qu'est-ce que tu pourrais vouloir de plus ?","short_description":"","notes":"","header_image":56738,"highlight_locations":"Pla\u00e7a dels Sedassos, Catedral de Tarragona, Balc\u00f3n del Mediterr\u00e1neo","additional_wheelchair":"Malheureusement, cette piste n\u2019est que partiellement adapt\u00e9e aux fauteuils roulants et aux poussettes en raison de ses pentes et de ses escaliers. Cependant, la piste peut \u00eatre jou\u00e9e, mais certains endroits peuvent \u00eatre plus difficiles d\u2019acc\u00e8s.","voucher_link":"","start_location_coordinates":"41.11849, 1.25487","start_location_name":"Portal del Roser","start_location_address":"Via del Imperio Roma, 25, 43003, Espagne","end_location_name":"Balcon m\u00e9diterran\u00e9en","partner_object":null},"_links":{"self":[{"href":"https:\/\/explorial.com\/fr\/wp-json\/wp\/v2\/product\/72390","targetHints":{"allow":["GET"]}}],"collection":[{"href":"https:\/\/explorial.com\/fr\/wp-json\/wp\/v2\/product"}],"about":[{"href":"https:\/\/explorial.com\/fr\/wp-json\/wp\/v2\/types\/product"}],"replies":[{"embeddable":true,"href":"https:\/\/explorial.com\/fr\/wp-json\/wp\/v2\/comments?post=72390"}],"wp:featuredmedia":[{"embeddable":true,"href":"https:\/\/explorial.com\/fr\/wp-json\/wp\/v2\/media\/59489"}],"wp:attachment":[{"href":"https:\/\/explorial.com\/fr\/wp-json\/wp\/v2\/media?parent=72390"}],"wp:term":[{"taxonomy":"product_brand","embeddable":true,"href":"https:\/\/explorial.com\/fr\/wp-json\/wp\/v2\/product_brand?post=72390"},{"taxonomy":"product_cat","embeddable":true,"href":"https:\/\/explorial.com\/fr\/wp-json\/wp\/v2\/product_cat?post=72390"},{"taxonomy":"product_tag","embeddable":true,"href":"https:\/\/explorial.com\/fr\/wp-json\/wp\/v2\/product_tag?post=72390"}],"curies":[{"name":"wp","href":"https:\/\/api.w.org\/{rel}","templated":true}]}}