{"id":72333,"date":"2023-02-17T11:03:56","date_gmt":"2023-02-17T11:03:56","guid":{"rendered":"https:\/\/explorial.com\/trails\/tour-de-ville-grenade-2\/"},"modified":"2024-09-17T07:31:11","modified_gmt":"2024-09-17T07:31:11","slug":"tour-de-ville-grenade-2","status":"publish","type":"product","link":"https:\/\/explorial.com\/fr\/trails\/tour-de-ville-grenade-2\/","title":{"rendered":"Grenade (Alhambra)"},"content":{"rendered":"","protected":false},"excerpt":{"rendered":"","protected":false},"featured_media":66152,"comment_status":"open","ping_status":"closed","template":"","meta":{"_acf_changed":false},"product_brand":[],"product_cat":[1172,1169],"product_tag":[1173],"class_list":{"0":"post-72333","1":"product","2":"type-product","3":"status-publish","4":"has-post-thumbnail","6":"product_cat-andalusia-fr","7":"product_cat-spain-fr","8":"product_tag-granada-fr","10":"first","11":"instock","12":"sale","13":"taxable","14":"shipping-taxable","15":"purchasable","16":"product-type-variable"},"acf":{"city_name":"Grenade","city_name_display":"Grenade (Alhambra)","languages":"Anglais, Espagnol, Fran\u00e7ais, Allemand","duration":"environ 1,5 \u00e0 2 heures","description_1":"","description_2":"","city_description":"Aucun voyage \u00e0 Grenade n'est complet sans une visite \u00e0 l'Alhambra. Ce site class\u00e9 au patrimoine mondial de l'UNESCO est l'un des plus beaux sites d'Espagne et un vestige du pass\u00e9 arabe. Une agr\u00e9able tranquillit\u00e9 \u00e9mane de ses palais, de ses tours, de ses jardins et de ses fontaines, au son apaisant de l'eau. L'enchantement de ce lieu magique te laissera sans voix !","short_description":"Explore l'histoire fascinante de l'Alhambra lors de cette visite \u00e0 pied autoguid\u00e9e et cette chasse au tr\u00e9sor. Apprends des faits fascinants sur la ville, r\u00e9sous des \u00e9nigmes et surtout, amuse-toi bien !","notes":"**Pas besoin de billet pour l'Alhambra\u00a0!**\n\nCe jeu se d\u00e9roule en dehors de la zone payante de l'Alhambra. Par cons\u00e9quent, aucun billet pour l'Alhambra n'est n\u00e9cessaire !","header_image":66147,"highlight_locations":"Puerta del Vino, Palacio de Carlos V, Puerta de la Justicia ","additional_wheelchair":"Malheureusement, cette piste n\u2019est que partiellement adapt\u00e9e aux fauteuils roulants et aux poussettes en raison de ses pentes et de ses escaliers. Cependant, la piste peut \u00eatre jou\u00e9e, mais certains endroits peuvent \u00eatre plus difficiles d\u2019acc\u00e8s.","voucher_link":"","start_location_coordinates":"37.17584, -3.59014","start_location_name":"Pilar de Carlos V [Fontaine de Charles Quint]","start_location_address":"C. Real de la Alhambra, 16, 18009 Espagne","end_location_name":"Les canons de l'Alhambra","partner_object":null},"_links":{"self":[{"href":"https:\/\/explorial.com\/fr\/wp-json\/wp\/v2\/product\/72333","targetHints":{"allow":["GET"]}}],"collection":[{"href":"https:\/\/explorial.com\/fr\/wp-json\/wp\/v2\/product"}],"about":[{"href":"https:\/\/explorial.com\/fr\/wp-json\/wp\/v2\/types\/product"}],"replies":[{"embeddable":true,"href":"https:\/\/explorial.com\/fr\/wp-json\/wp\/v2\/comments?post=72333"}],"wp:featuredmedia":[{"embeddable":true,"href":"https:\/\/explorial.com\/fr\/wp-json\/wp\/v2\/media\/66152"}],"wp:attachment":[{"href":"https:\/\/explorial.com\/fr\/wp-json\/wp\/v2\/media?parent=72333"}],"wp:term":[{"taxonomy":"product_brand","embeddable":true,"href":"https:\/\/explorial.com\/fr\/wp-json\/wp\/v2\/product_brand?post=72333"},{"taxonomy":"product_cat","embeddable":true,"href":"https:\/\/explorial.com\/fr\/wp-json\/wp\/v2\/product_cat?post=72333"},{"taxonomy":"product_tag","embeddable":true,"href":"https:\/\/explorial.com\/fr\/wp-json\/wp\/v2\/product_tag?post=72333"}],"curies":[{"name":"wp","href":"https:\/\/api.w.org\/{rel}","templated":true}]}}