{"id":72305,"date":"2023-02-17T10:44:14","date_gmt":"2023-02-17T10:44:14","guid":{"rendered":"https:\/\/explorial.com\/trails\/tour-de-ville-grenade-1\/"},"modified":"2024-09-17T07:53:18","modified_gmt":"2024-09-17T07:53:18","slug":"tour-de-ville-grenade-1","status":"publish","type":"product","link":"https:\/\/explorial.com\/fr\/trails\/tour-de-ville-grenade-1\/","title":{"rendered":"Grenade"},"content":{"rendered":"","protected":false},"excerpt":{"rendered":"","protected":false},"featured_media":65964,"comment_status":"open","ping_status":"closed","template":"","meta":{"_acf_changed":false},"product_brand":[],"product_cat":[1172,1169],"product_tag":[1173],"class_list":{"0":"post-72305","1":"product","2":"type-product","3":"status-publish","4":"has-post-thumbnail","6":"product_cat-andalusia-fr","7":"product_cat-spain-fr","8":"product_tag-granada-fr","10":"first","11":"instock","12":"sale","13":"taxable","14":"shipping-taxable","15":"purchasable","16":"product-type-variable"},"acf":{"city_name":"Grenade","city_name_display":"Grenade","languages":"Anglais, Espagnol, Fran\u00e7ais, Allemand","duration":"environ 1,5 \u00e0 2 heures","description_1":"","description_2":"","city_description":"Avec ses rues \u00e9l\u00e9gantes et ses places charmantes, Grenade est une ville captivante qui ne manquera pas de t'\u00e9tonner. Qu'il s'agisse de son impressionnante cath\u00e9drale, de ses points de vue romantiques ou de son bazar anim\u00e9 de style mauresque, Grenade a bien plus \u00e0 offrir que sa fascinante Alhambra. Perds-toi dans les rues labyrinthiques de la Grenade historique et laisse-toi surprendre par ses influences arabes et son charme espagnol.","short_description":"","notes":"","header_image":65959,"highlight_locations":"Catedral de Granada, El Corral del Carb\u00f3n, Alcaicer\u00eda","additional_wheelchair":"Malheureusement, cette piste n\u2019est que partiellement adapt\u00e9e aux fauteuils roulants et aux poussettes en raison de ses pentes et de ses escaliers. Cependant, la piste peut \u00eatre jou\u00e9e, mais certains endroits peuvent \u00eatre plus difficiles d\u2019acc\u00e8s.","voucher_link":"","start_location_coordinates":"37.17678, -3.59607","start_location_name":"Plaza Nueva","start_location_address":"Plaza Nueva, 18010 Espagne","end_location_name":"Point de vue de la Placeta de Carvajales","partner_object":null},"_links":{"self":[{"href":"https:\/\/explorial.com\/fr\/wp-json\/wp\/v2\/product\/72305","targetHints":{"allow":["GET"]}}],"collection":[{"href":"https:\/\/explorial.com\/fr\/wp-json\/wp\/v2\/product"}],"about":[{"href":"https:\/\/explorial.com\/fr\/wp-json\/wp\/v2\/types\/product"}],"replies":[{"embeddable":true,"href":"https:\/\/explorial.com\/fr\/wp-json\/wp\/v2\/comments?post=72305"}],"wp:featuredmedia":[{"embeddable":true,"href":"https:\/\/explorial.com\/fr\/wp-json\/wp\/v2\/media\/65964"}],"wp:attachment":[{"href":"https:\/\/explorial.com\/fr\/wp-json\/wp\/v2\/media?parent=72305"}],"wp:term":[{"taxonomy":"product_brand","embeddable":true,"href":"https:\/\/explorial.com\/fr\/wp-json\/wp\/v2\/product_brand?post=72305"},{"taxonomy":"product_cat","embeddable":true,"href":"https:\/\/explorial.com\/fr\/wp-json\/wp\/v2\/product_cat?post=72305"},{"taxonomy":"product_tag","embeddable":true,"href":"https:\/\/explorial.com\/fr\/wp-json\/wp\/v2\/product_tag?post=72305"}],"curies":[{"name":"wp","href":"https:\/\/api.w.org\/{rel}","templated":true}]}}