{"id":72277,"date":"2022-04-18T13:45:33","date_gmt":"2022-04-18T13:45:33","guid":{"rendered":"https:\/\/explorial.com\/trails\/tour-de-ville-cordoue-1\/"},"modified":"2024-09-17T08:01:48","modified_gmt":"2024-09-17T08:01:48","slug":"tour-de-ville-cordoue-1","status":"publish","type":"product","link":"https:\/\/explorial.com\/fr\/trails\/tour-de-ville-cordoue-1\/","title":{"rendered":"Cordoue"},"content":{"rendered":"","protected":false},"excerpt":{"rendered":"","protected":false},"featured_media":59353,"comment_status":"open","ping_status":"closed","template":"","meta":{"_acf_changed":false},"product_brand":[],"product_cat":[1172,1169],"product_tag":[1171],"class_list":{"0":"post-72277","1":"product","2":"type-product","3":"status-publish","4":"has-post-thumbnail","6":"product_cat-andalusia-fr","7":"product_cat-spain-fr","8":"product_tag-cordoba-fr","10":"first","11":"instock","12":"sale","13":"taxable","14":"shipping-taxable","15":"purchasable","16":"product-type-variable"},"acf":{"city_name":"Cordoue","city_name_display":"Cordoue","languages":"Anglais, Espagnol, Fran\u00e7ais, Allemand","duration":"environ 1,5 \u00e0 2 heures","description_1":"","description_2":"","city_description":"De sa fascinante mosqu\u00e9e-cath\u00e9drale \u00e0 ses patios fleuris et ses charmantes rues \u00e9troites bord\u00e9es de maisons blanchies \u00e0 la chaux, Cordoue est la seule ville au monde \u00e0 poss\u00e9der quatre sites class\u00e9s au patrimoine mondial de l'UNESCO. Cette ville de merveilles te surprendra.","short_description":"","notes":"","header_image":56871,"highlight_locations":"La Mezquita-Catedral, Alc\u00e1zar de los Reyes Cristianos, Puerta del Puente","additional_wheelchair":"Malheureusement, cette piste n\u2019est que partiellement adapt\u00e9e aux fauteuils roulants et aux poussettes en raison de ses pentes et de ses escaliers. Cependant, la piste peut \u00eatre jou\u00e9e, mais certains endroits peuvent \u00eatre plus difficiles d\u2019acc\u00e8s.","voucher_link":"","start_location_coordinates":"37.87795, -4.77964","start_location_name":"Triunfo de San Rafael de la Puerta del Puente","start_location_address":"Plaza del Triunfo, 14003 Espagne","end_location_name":"Mus\u00e9e des Beaux-Arts","partner_object":null},"_links":{"self":[{"href":"https:\/\/explorial.com\/fr\/wp-json\/wp\/v2\/product\/72277","targetHints":{"allow":["GET"]}}],"collection":[{"href":"https:\/\/explorial.com\/fr\/wp-json\/wp\/v2\/product"}],"about":[{"href":"https:\/\/explorial.com\/fr\/wp-json\/wp\/v2\/types\/product"}],"replies":[{"embeddable":true,"href":"https:\/\/explorial.com\/fr\/wp-json\/wp\/v2\/comments?post=72277"}],"wp:featuredmedia":[{"embeddable":true,"href":"https:\/\/explorial.com\/fr\/wp-json\/wp\/v2\/media\/59353"}],"wp:attachment":[{"href":"https:\/\/explorial.com\/fr\/wp-json\/wp\/v2\/media?parent=72277"}],"wp:term":[{"taxonomy":"product_brand","embeddable":true,"href":"https:\/\/explorial.com\/fr\/wp-json\/wp\/v2\/product_brand?post=72277"},{"taxonomy":"product_cat","embeddable":true,"href":"https:\/\/explorial.com\/fr\/wp-json\/wp\/v2\/product_cat?post=72277"},{"taxonomy":"product_tag","embeddable":true,"href":"https:\/\/explorial.com\/fr\/wp-json\/wp\/v2\/product_tag?post=72277"}],"curies":[{"name":"wp","href":"https:\/\/api.w.org\/{rel}","templated":true}]}}