{"id":72215,"date":"2022-04-15T13:35:19","date_gmt":"2022-04-15T13:35:19","guid":{"rendered":"https:\/\/explorial.com\/trails\/tour-de-ville-barcelone-1\/"},"modified":"2024-09-17T07:47:34","modified_gmt":"2024-09-17T07:47:34","slug":"tour-de-ville-barcelone-1","status":"publish","type":"product","link":"https:\/\/explorial.com\/fr\/trails\/tour-de-ville-barcelone-1\/","title":{"rendered":"Barcelone (Quartier gothique)"},"content":{"rendered":"","protected":false},"excerpt":{"rendered":"","protected":false},"featured_media":61607,"comment_status":"open","ping_status":"closed","template":"","meta":{"_acf_changed":false},"product_brand":[],"product_cat":[1170,1169],"product_tag":[1168],"class_list":{"0":"post-72215","1":"product","2":"type-product","3":"status-publish","4":"has-post-thumbnail","6":"product_cat-catalonia-fr","7":"product_cat-spain-fr","8":"product_tag-barcelona-fr","10":"first","11":"instock","12":"sale","13":"taxable","14":"shipping-taxable","15":"purchasable","16":"product-type-variable"},"acf":{"city_name":"Barcelone","city_name_display":"Barcelone (Quartier gothique)","languages":"Espagnol, Anglais, Fran\u00e7ais, Allemand","duration":"environ 1,5 \u00e0 2 heures","description_1":"","description_2":"","city_description":"Barcelone est une ville qui a tout pour elle : sa culture, son histoire, son architecture et ses lieux fascinants comme le quartier gothique et la Boqueria ne te laisseront pas indiff\u00e9rent ! Que tu aies d\u00e9j\u00e0 visit\u00e9 Barcelone ou que ce soit la premi\u00e8re fois, il y a toujours quelque chose de nouveau \u00e0 d\u00e9couvrir dans cette ville m\u00e9diterran\u00e9enne ensoleill\u00e9e.","short_description":"","notes":"","header_image":59257,"highlight_locations":"Catedral de Barcelona, Pont del Bisbe, Mercado de la Boqueria","additional_wheelchair":"Malheureusement, cette piste n\u2019est que partiellement adapt\u00e9e aux fauteuils roulants et aux poussettes en raison de ses pentes et de ses escaliers. Cependant, la piste peut \u00eatre jou\u00e9e, mais certains endroits peuvent \u00eatre plus difficiles d\u2019acc\u00e8s.","voucher_link":"","start_location_coordinates":"41.38389, 2.17825","start_location_name":"Pla\u00e7a de l'\u00c0ngel","start_location_address":"Barcelone","end_location_name":"Pla\u00e7a Reial","partner_object":null},"_links":{"self":[{"href":"https:\/\/explorial.com\/fr\/wp-json\/wp\/v2\/product\/72215","targetHints":{"allow":["GET"]}}],"collection":[{"href":"https:\/\/explorial.com\/fr\/wp-json\/wp\/v2\/product"}],"about":[{"href":"https:\/\/explorial.com\/fr\/wp-json\/wp\/v2\/types\/product"}],"replies":[{"embeddable":true,"href":"https:\/\/explorial.com\/fr\/wp-json\/wp\/v2\/comments?post=72215"}],"wp:featuredmedia":[{"embeddable":true,"href":"https:\/\/explorial.com\/fr\/wp-json\/wp\/v2\/media\/61607"}],"wp:attachment":[{"href":"https:\/\/explorial.com\/fr\/wp-json\/wp\/v2\/media?parent=72215"}],"wp:term":[{"taxonomy":"product_brand","embeddable":true,"href":"https:\/\/explorial.com\/fr\/wp-json\/wp\/v2\/product_brand?post=72215"},{"taxonomy":"product_cat","embeddable":true,"href":"https:\/\/explorial.com\/fr\/wp-json\/wp\/v2\/product_cat?post=72215"},{"taxonomy":"product_tag","embeddable":true,"href":"https:\/\/explorial.com\/fr\/wp-json\/wp\/v2\/product_tag?post=72215"}],"curies":[{"name":"wp","href":"https:\/\/api.w.org\/{rel}","templated":true}]}}