{"id":72175,"date":"2022-04-01T13:15:15","date_gmt":"2022-04-01T13:15:15","guid":{"rendered":"https:\/\/explorial.com\/trails\/tour-de-ville-porto-1\/"},"modified":"2024-09-17T13:12:34","modified_gmt":"2024-09-17T13:12:34","slug":"tour-de-ville-porto-1","status":"publish","type":"product","link":"https:\/\/explorial.com\/fr\/trails\/tour-de-ville-porto-1\/","title":{"rendered":"Porto"},"content":{"rendered":"","protected":false},"excerpt":{"rendered":"","protected":false},"featured_media":56050,"comment_status":"open","ping_status":"closed","template":"","meta":{"_acf_changed":false},"product_brand":[],"product_cat":[1160,1159],"product_tag":[998],"class_list":{"0":"post-72175","1":"product","2":"type-product","3":"status-publish","4":"has-post-thumbnail","6":"product_cat-northern-portugal-fr","7":"product_cat-portugal-fr","8":"product_tag-porto-ch","10":"first","11":"instock","12":"sale","13":"taxable","14":"shipping-taxable","15":"purchasable","16":"product-type-variable"},"acf":{"city_name":"Porto","city_name_display":"Porto","languages":"Portugais, Anglais, Espagnol, Fran\u00e7ais, Allemand","duration":"environ 1,5 \u00e0 2 heures","description_1":"","description_2":"","city_description":"Les records de fr\u00e9quentation de la ville de Porto sont battus chaque ann\u00e9e. Profiter d'une visite o\u00f9 l'on apprend les choses les plus curieuses sur la Torre dos Cl\u00e9rigos ou la librairie Lello, entre autres, fera de toi un vrai \"connaisseur\" et un vrai \"natif\". Des si\u00e8cles d'histoire t'attendent.","short_description":"","notes":"","header_image":56034,"highlight_locations":"Torre dos Cl\u00e9rigos, Esta\u00e7\u00e3o de S\u00e3o Bento, Livraria Lello","additional_wheelchair":"Malheureusement, cette piste n\u2019est que partiellement adapt\u00e9e aux fauteuils roulants et aux poussettes en raison de ses pentes et de ses escaliers. Cependant, la piste peut \u00eatre jou\u00e9e, mais certains endroits peuvent \u00eatre plus difficiles d\u2019acc\u00e8s.","voucher_link":"","start_location_coordinates":"41.146, -8.61626","start_location_name":"Jardim da Cordoaria","start_location_address":"Campo dos M\u00e1rtires da P\u00e1tria\n4050-366 Porto","end_location_name":"Quartier de Ribeira","partner_object":null},"_links":{"self":[{"href":"https:\/\/explorial.com\/fr\/wp-json\/wp\/v2\/product\/72175","targetHints":{"allow":["GET"]}}],"collection":[{"href":"https:\/\/explorial.com\/fr\/wp-json\/wp\/v2\/product"}],"about":[{"href":"https:\/\/explorial.com\/fr\/wp-json\/wp\/v2\/types\/product"}],"replies":[{"embeddable":true,"href":"https:\/\/explorial.com\/fr\/wp-json\/wp\/v2\/comments?post=72175"}],"wp:featuredmedia":[{"embeddable":true,"href":"https:\/\/explorial.com\/fr\/wp-json\/wp\/v2\/media\/56050"}],"wp:attachment":[{"href":"https:\/\/explorial.com\/fr\/wp-json\/wp\/v2\/media?parent=72175"}],"wp:term":[{"taxonomy":"product_brand","embeddable":true,"href":"https:\/\/explorial.com\/fr\/wp-json\/wp\/v2\/product_brand?post=72175"},{"taxonomy":"product_cat","embeddable":true,"href":"https:\/\/explorial.com\/fr\/wp-json\/wp\/v2\/product_cat?post=72175"},{"taxonomy":"product_tag","embeddable":true,"href":"https:\/\/explorial.com\/fr\/wp-json\/wp\/v2\/product_tag?post=72175"}],"curies":[{"name":"wp","href":"https:\/\/api.w.org\/{rel}","templated":true}]}}