{"id":71975,"date":"2022-07-07T13:20:40","date_gmt":"2022-07-07T13:20:40","guid":{"rendered":"https:\/\/explorial.com\/trails\/tour-de-ville-lisbonne-2\/"},"modified":"2024-09-17T13:38:15","modified_gmt":"2024-09-17T13:38:15","slug":"tour-de-ville-lisbonne-2","status":"publish","type":"product","link":"https:\/\/explorial.com\/fr\/trails\/tour-de-ville-lisbonne-2\/","title":{"rendered":"Lisbonne (Quartier de Bel\u00e9m)"},"content":{"rendered":"","protected":false},"excerpt":{"rendered":"","protected":false},"featured_media":56225,"comment_status":"open","ping_status":"closed","template":"","meta":{"_acf_changed":false},"product_brand":[],"product_cat":[1159,1165],"product_tag":[1164],"class_list":{"0":"post-71975","1":"product","2":"type-product","3":"status-publish","4":"has-post-thumbnail","6":"product_cat-portugal-fr","7":"product_cat-lisbon-region-fr","8":"product_tag-lisbon-fr","10":"first","11":"instock","12":"sale","13":"taxable","14":"shipping-taxable","15":"purchasable","16":"product-type-variable"},"acf":{"city_name":"Lisbonne","city_name_display":"Lisbonne (Quartier de Bel\u00e9m)","languages":"Portugais, Anglais, Espagnol, Fran\u00e7ais, Allemand","duration":"environ 1,5 \u00e0 2 heures","description_1":"","description_2":"","city_description":"Explorer Bel\u00e9m \u00e0 pied, c'est d\u00e9couvrir des sites qui te transporteront \u00e0 l'\u00e9poque glorieuse des D\u00e9couvertes et d'o\u00f9 partirent les plus grands explorateurs portugais. Cet ancien village de p\u00eacheurs abrite le c\u00e9l\u00e8bre \"pastel de nata de Bel\u00e9m\", mais aussi des embl\u00e8mes architecturaux pr\u00e9pond\u00e9rants de l'histoire du Portugal. Une visite m\u00e9morable et envo\u00fbtante t'attend dans l'un des quartiers les plus prodigieux de Lisbonne.","short_description":"","notes":"","header_image":56209,"highlight_locations":"Torre de Bel\u00e9m, Padr\u00e3o dos Descobrimentos, Mosteiro dos Jer\u00f3nimos","additional_wheelchair":"Malheureusement, cette piste n\u2019est que partiellement adapt\u00e9e aux fauteuils roulants et aux poussettes en raison de ses pentes et de ses escaliers. Cependant, la piste peut \u00eatre jou\u00e9e, mais certains endroits peuvent \u00eatre plus difficiles d\u2019acc\u00e8s.","voucher_link":"","start_location_coordinates":"38.69689, -9.19887","start_location_name":"Mus\u00e9e national des Carrosses","start_location_address":"Av. da \u00cdndia 136, 1300-300 Portugal","end_location_name":"Tour de Bel\u00e9m","partner_object":null},"_links":{"self":[{"href":"https:\/\/explorial.com\/fr\/wp-json\/wp\/v2\/product\/71975","targetHints":{"allow":["GET"]}}],"collection":[{"href":"https:\/\/explorial.com\/fr\/wp-json\/wp\/v2\/product"}],"about":[{"href":"https:\/\/explorial.com\/fr\/wp-json\/wp\/v2\/types\/product"}],"replies":[{"embeddable":true,"href":"https:\/\/explorial.com\/fr\/wp-json\/wp\/v2\/comments?post=71975"}],"wp:featuredmedia":[{"embeddable":true,"href":"https:\/\/explorial.com\/fr\/wp-json\/wp\/v2\/media\/56225"}],"wp:attachment":[{"href":"https:\/\/explorial.com\/fr\/wp-json\/wp\/v2\/media?parent=71975"}],"wp:term":[{"taxonomy":"product_brand","embeddable":true,"href":"https:\/\/explorial.com\/fr\/wp-json\/wp\/v2\/product_brand?post=71975"},{"taxonomy":"product_cat","embeddable":true,"href":"https:\/\/explorial.com\/fr\/wp-json\/wp\/v2\/product_cat?post=71975"},{"taxonomy":"product_tag","embeddable":true,"href":"https:\/\/explorial.com\/fr\/wp-json\/wp\/v2\/product_tag?post=71975"}],"curies":[{"name":"wp","href":"https:\/\/api.w.org\/{rel}","templated":true}]}}