{"id":71903,"date":"2022-04-01T13:16:30","date_gmt":"2022-04-01T13:16:30","guid":{"rendered":"https:\/\/explorial.com\/trails\/tour-de-ville-coimbra-1\/"},"modified":"2024-09-17T13:26:40","modified_gmt":"2024-09-17T13:26:40","slug":"tour-de-ville-coimbra-1","status":"publish","type":"product","link":"https:\/\/explorial.com\/fr\/trails\/tour-de-ville-coimbra-1\/","title":{"rendered":"Coimbra"},"content":{"rendered":"","protected":false},"excerpt":{"rendered":"","protected":false},"featured_media":61856,"comment_status":"open","ping_status":"closed","template":"","meta":{"_acf_changed":false},"product_brand":[],"product_cat":[1162,1159],"product_tag":[1163],"class_list":{"0":"post-71903","1":"product","2":"type-product","3":"status-publish","4":"has-post-thumbnail","6":"product_cat-central-portugal-fr","7":"product_cat-portugal-fr","8":"product_tag-coimbra-fr","10":"first","11":"instock","12":"sale","13":"taxable","14":"shipping-taxable","15":"purchasable","16":"product-type-variable"},"acf":{"city_name":"Coimbra","city_name_display":"Coimbra","languages":"Anglais, Portugais, Espagnol, Fran\u00e7ais, Allemand","duration":"environ 1,5 \u00e0 2 heures","description_1":"","description_2":"","city_description":"Comme le dit le fado, \"Coimbra a plus de charme au moment des adieux\". C'est en effet la \"saudade\" que tu ressentiras au moment de dire au revoir \u00e0 cette magnifique ville \u00e0 la fois charg\u00e9e d'histoire et remplie de nombreux jeunes \u00e9tudiants. Des monuments tels que la Cath\u00e9drale Velha ou le Pa\u00e7o das Escolas resteront certainement dans ta m\u00e9moire pour toujours.","short_description":"","notes":"","header_image":61848,"highlight_locations":"Jardim da Manga, Mosteiro de Santa Cruz, Pa\u00e7o das Escolas","additional_wheelchair":"Malheureusement, cette piste n\u2019est que partiellement adapt\u00e9e aux fauteuils roulants et aux poussettes en raison de ses pentes et de ses escaliers. Cependant, la piste peut \u00eatre jou\u00e9e, mais certains endroits peuvent \u00eatre plus difficiles d\u2019acc\u00e8s.","voucher_link":"","start_location_coordinates":"40.21134, -8.42785","start_location_name":"Jardim da Manga","start_location_address":"R. Ol\u00edmpio Nicolau Rui Fernandes 182\n3000-122 Coimbra","end_location_name":"Jardim da Sereia","partner_object":null},"_links":{"self":[{"href":"https:\/\/explorial.com\/fr\/wp-json\/wp\/v2\/product\/71903","targetHints":{"allow":["GET"]}}],"collection":[{"href":"https:\/\/explorial.com\/fr\/wp-json\/wp\/v2\/product"}],"about":[{"href":"https:\/\/explorial.com\/fr\/wp-json\/wp\/v2\/types\/product"}],"replies":[{"embeddable":true,"href":"https:\/\/explorial.com\/fr\/wp-json\/wp\/v2\/comments?post=71903"}],"wp:featuredmedia":[{"embeddable":true,"href":"https:\/\/explorial.com\/fr\/wp-json\/wp\/v2\/media\/61856"}],"wp:attachment":[{"href":"https:\/\/explorial.com\/fr\/wp-json\/wp\/v2\/media?parent=71903"}],"wp:term":[{"taxonomy":"product_brand","embeddable":true,"href":"https:\/\/explorial.com\/fr\/wp-json\/wp\/v2\/product_brand?post=71903"},{"taxonomy":"product_cat","embeddable":true,"href":"https:\/\/explorial.com\/fr\/wp-json\/wp\/v2\/product_cat?post=71903"},{"taxonomy":"product_tag","embeddable":true,"href":"https:\/\/explorial.com\/fr\/wp-json\/wp\/v2\/product_tag?post=71903"}],"curies":[{"name":"wp","href":"https:\/\/api.w.org\/{rel}","templated":true}]}}