{"id":71875,"date":"2023-03-01T09:20:56","date_gmt":"2023-03-01T09:20:56","guid":{"rendered":"https:\/\/explorial.com\/trails\/tour-de-ville-cascais-1\/"},"modified":"2024-09-17T13:18:10","modified_gmt":"2024-09-17T13:18:10","slug":"tour-de-ville-cascais-1","status":"publish","type":"product","link":"https:\/\/explorial.com\/fr\/trails\/tour-de-ville-cascais-1\/","title":{"rendered":"Cascais"},"content":{"rendered":"","protected":false},"excerpt":{"rendered":"","protected":false},"featured_media":68239,"comment_status":"open","ping_status":"closed","template":"","meta":{"_acf_changed":false},"product_brand":[],"product_cat":[1159,1165],"product_tag":[1161],"class_list":{"0":"post-71875","1":"product","2":"type-product","3":"status-publish","4":"has-post-thumbnail","6":"product_cat-portugal-fr","7":"product_cat-lisbon-region-fr","8":"product_tag-cascais-fr","10":"first","11":"instock","12":"sale","13":"taxable","14":"shipping-taxable","15":"purchasable","16":"product-type-variable"},"acf":{"city_name":"Cascais","city_name_display":"Cascais","languages":"Anglais, Portugais, Espagnol, Fran\u00e7ais, Allemand","duration":"environ 1,5 \u00e0 2 heures","description_1":"","description_2":"","city_description":"Autrefois village de p\u00eacheurs, Cascais est devenue la premi\u00e8re station estivale du Portugal au XIXe si\u00e8cle. Cette magnifique ville, situ\u00e9e sur la c\u00f4te nord de Lisbonne, conserve toujours son charme, son esprit cosmopolite et son animation. Il est impossible de visiter Cascais sans tomber amoureux de ses charmes !","short_description":"","notes":"","header_image":155277,"highlight_locations":"Marina de Cascais, Praia de Santa Marta, Palacete Seixas","additional_wheelchair":"Malheureusement, cette piste n\u2019est que partiellement adapt\u00e9e aux fauteuils roulants et aux poussettes en raison de ses pentes et de ses escaliers. Cependant, la piste peut \u00eatre jou\u00e9e, mais certains endroits peuvent \u00eatre plus difficiles d\u2019acc\u00e8s.","voucher_link":"","start_location_coordinates":"38.6989, -9.42045","start_location_name":"Restaurant Casa Velha","start_location_address":"Av. Valbom 1, 2750-508, Portugal","end_location_name":"Plage de Santa Marta","partner_object":null},"_links":{"self":[{"href":"https:\/\/explorial.com\/fr\/wp-json\/wp\/v2\/product\/71875","targetHints":{"allow":["GET"]}}],"collection":[{"href":"https:\/\/explorial.com\/fr\/wp-json\/wp\/v2\/product"}],"about":[{"href":"https:\/\/explorial.com\/fr\/wp-json\/wp\/v2\/types\/product"}],"replies":[{"embeddable":true,"href":"https:\/\/explorial.com\/fr\/wp-json\/wp\/v2\/comments?post=71875"}],"wp:featuredmedia":[{"embeddable":true,"href":"https:\/\/explorial.com\/fr\/wp-json\/wp\/v2\/media\/68239"}],"wp:attachment":[{"href":"https:\/\/explorial.com\/fr\/wp-json\/wp\/v2\/media?parent=71875"}],"wp:term":[{"taxonomy":"product_brand","embeddable":true,"href":"https:\/\/explorial.com\/fr\/wp-json\/wp\/v2\/product_brand?post=71875"},{"taxonomy":"product_cat","embeddable":true,"href":"https:\/\/explorial.com\/fr\/wp-json\/wp\/v2\/product_cat?post=71875"},{"taxonomy":"product_tag","embeddable":true,"href":"https:\/\/explorial.com\/fr\/wp-json\/wp\/v2\/product_tag?post=71875"}],"curies":[{"name":"wp","href":"https:\/\/api.w.org\/{rel}","templated":true}]}}