{"id":71165,"date":"2022-09-30T15:12:21","date_gmt":"2022-09-30T15:12:21","guid":{"rendered":"https:\/\/explorial.com\/trails\/tour-de-ville-fribourg-en-brisgau-1\/"},"modified":"2024-09-16T11:20:12","modified_gmt":"2024-09-16T11:20:12","slug":"tour-de-ville-fribourg-en-brisgau-1","status":"publish","type":"product","link":"https:\/\/explorial.com\/fr\/trails\/tour-de-ville-fribourg-en-brisgau-1\/","title":{"rendered":"Fribourg en Brisgau"},"content":{"rendered":"","protected":false},"excerpt":{"rendered":"","protected":false},"featured_media":57114,"comment_status":"open","ping_status":"closed","template":"","meta":{"_acf_changed":false},"product_brand":[],"product_cat":[1136,1139],"product_tag":[970],"class_list":{"0":"post-71165","1":"product","2":"type-product","3":"status-publish","4":"has-post-thumbnail","6":"product_cat-germany-fr","7":"product_cat-baden-wurttemberg-fr","8":"product_tag-freiburg-in-breisgau-ch","10":"first","11":"instock","12":"sale","13":"taxable","14":"shipping-taxable","15":"purchasable","16":"product-type-variable"},"acf":{"city_name":"Fribourg en Brisgau","city_name_display":"Fribourg en Brisgau","languages":"Allemand, Anglais","duration":"environ 1,5 \u00e0 2 heures","description_1":"","description_2":"","city_description":"","short_description":"","notes":"","header_image":241620,"highlight_locations":"M\u00fcnster, Neues Rathaus, Konviktstra\u00dfe","additional_wheelchair":"Malheureusement, cette piste n\u2019est que partiellement adapt\u00e9e aux fauteuils roulants et aux poussettes en raison de ses pentes et de ses escaliers. Cependant, la piste peut \u00eatre jou\u00e9e, mais certains endroits peuvent \u00eatre plus difficiles d\u2019acc\u00e8s.","voucher_link":"","start_location_coordinates":"47.997407, 7.846677","start_location_name":"Colombischl\u00f6ssle","start_location_address":"Rotteckring 5, 79098 Fribourg-en-Brisgau, Allemagne","end_location_name":"Platz der alten Synagoge","partner_object":null},"_links":{"self":[{"href":"https:\/\/explorial.com\/fr\/wp-json\/wp\/v2\/product\/71165","targetHints":{"allow":["GET"]}}],"collection":[{"href":"https:\/\/explorial.com\/fr\/wp-json\/wp\/v2\/product"}],"about":[{"href":"https:\/\/explorial.com\/fr\/wp-json\/wp\/v2\/types\/product"}],"replies":[{"embeddable":true,"href":"https:\/\/explorial.com\/fr\/wp-json\/wp\/v2\/comments?post=71165"}],"wp:featuredmedia":[{"embeddable":true,"href":"https:\/\/explorial.com\/fr\/wp-json\/wp\/v2\/media\/57114"}],"wp:attachment":[{"href":"https:\/\/explorial.com\/fr\/wp-json\/wp\/v2\/media?parent=71165"}],"wp:term":[{"taxonomy":"product_brand","embeddable":true,"href":"https:\/\/explorial.com\/fr\/wp-json\/wp\/v2\/product_brand?post=71165"},{"taxonomy":"product_cat","embeddable":true,"href":"https:\/\/explorial.com\/fr\/wp-json\/wp\/v2\/product_cat?post=71165"},{"taxonomy":"product_tag","embeddable":true,"href":"https:\/\/explorial.com\/fr\/wp-json\/wp\/v2\/product_tag?post=71165"}],"curies":[{"name":"wp","href":"https:\/\/api.w.org\/{rel}","templated":true}]}}