{"id":70889,"date":"2022-06-01T13:30:29","date_gmt":"2022-06-01T13:30:29","guid":{"rendered":"https:\/\/explorial.com\/trails\/tour-de-ville-strasbourg-1\/"},"modified":"2024-09-17T08:45:41","modified_gmt":"2024-09-17T08:45:41","slug":"tour-de-ville-strasbourg-1","status":"publish","type":"product","link":"https:\/\/explorial.com\/fr\/trails\/tour-de-ville-strasbourg-1\/","title":{"rendered":"Strasbourg"},"content":{"rendered":"","protected":false},"excerpt":{"rendered":"","protected":false},"featured_media":59952,"comment_status":"open","ping_status":"closed","template":"","meta":{"_acf_changed":false},"product_brand":[],"product_cat":[1125,1128],"product_tag":[1009],"class_list":{"0":"post-70889","1":"product","2":"type-product","3":"status-publish","4":"has-post-thumbnail","6":"product_cat-france-fr","7":"product_cat-grand-est-fr","8":"product_tag-strasbourg-ch","10":"first","11":"instock","12":"sale","13":"taxable","14":"shipping-taxable","15":"purchasable","16":"product-type-variable"},"acf":{"city_name":"Strasbourg","city_name_display":"Strasbourg","languages":"Fran\u00e7ais, Anglais, Italien, Allemand","duration":"environ 1,5 \u00e0 2 heures","description_1":"","description_2":"","city_description":"Strasbourg n\u2019aura de cesse de vous \u00e9tonner. C\u2019est une ville avec une histoire riche en rebondissements qui lui conf\u00e8re, au fil des si\u00e8cles, un patrimoine architectural abondant et disparate. Vos yeux et vos palais vont se r\u00e9galer, entre ruelles pittoresques et sp\u00e9cialit\u00e9s culinaires, Strasbourg va vous enchanter.","short_description":"","notes":"","header_image":59936,"highlight_locations":"Quartier de la Petite France, Place de la cath\u00e9drale, Eglise Saint-Thomas","additional_wheelchair":"Malheureusement, cette piste n\u2019est que partiellement adapt\u00e9e aux fauteuils roulants et aux poussettes en raison de ses pentes et de ses escaliers. Cependant, la piste peut \u00eatre jou\u00e9e, mais certains endroits peuvent \u00eatre plus difficiles d\u2019acc\u00e8s.","voucher_link":"","start_location_coordinates":"48.5789493, 7.7546623","start_location_name":"Place des orphelins","start_location_address":"67000 Strasbourg, France","end_location_name":"Place de la cath\u00e9drale","partner_object":null},"_links":{"self":[{"href":"https:\/\/explorial.com\/fr\/wp-json\/wp\/v2\/product\/70889","targetHints":{"allow":["GET"]}}],"collection":[{"href":"https:\/\/explorial.com\/fr\/wp-json\/wp\/v2\/product"}],"about":[{"href":"https:\/\/explorial.com\/fr\/wp-json\/wp\/v2\/types\/product"}],"replies":[{"embeddable":true,"href":"https:\/\/explorial.com\/fr\/wp-json\/wp\/v2\/comments?post=70889"}],"wp:featuredmedia":[{"embeddable":true,"href":"https:\/\/explorial.com\/fr\/wp-json\/wp\/v2\/media\/59952"}],"wp:attachment":[{"href":"https:\/\/explorial.com\/fr\/wp-json\/wp\/v2\/media?parent=70889"}],"wp:term":[{"taxonomy":"product_brand","embeddable":true,"href":"https:\/\/explorial.com\/fr\/wp-json\/wp\/v2\/product_brand?post=70889"},{"taxonomy":"product_cat","embeddable":true,"href":"https:\/\/explorial.com\/fr\/wp-json\/wp\/v2\/product_cat?post=70889"},{"taxonomy":"product_tag","embeddable":true,"href":"https:\/\/explorial.com\/fr\/wp-json\/wp\/v2\/product_tag?post=70889"}],"curies":[{"name":"wp","href":"https:\/\/api.w.org\/{rel}","templated":true}]}}