{"id":70861,"date":"2022-06-01T13:26:12","date_gmt":"2022-06-01T13:26:12","guid":{"rendered":"https:\/\/explorial.com\/trails\/tour-de-ville-paris-2\/"},"modified":"2024-09-17T08:43:03","modified_gmt":"2024-09-17T08:43:03","slug":"tour-de-ville-paris-2","status":"publish","type":"product","link":"https:\/\/explorial.com\/fr\/trails\/tour-de-ville-paris-2\/","title":{"rendered":"Paris (Montmartre)"},"content":{"rendered":"","protected":false},"excerpt":{"rendered":"","protected":false},"featured_media":62049,"comment_status":"open","ping_status":"closed","template":"","meta":{"_acf_changed":false},"product_brand":[],"product_cat":[1125,1133],"product_tag":[1007],"class_list":{"0":"post-70861","1":"product","2":"type-product","3":"status-publish","4":"has-post-thumbnail","6":"product_cat-france-fr","7":"product_cat-paris-region-fr","8":"product_tag-paris-ch","10":"first","11":"instock","12":"sale","13":"taxable","14":"shipping-taxable","15":"purchasable","16":"product-type-variable"},"acf":{"city_name":"Paris","city_name_display":"Paris (Montmartre)","languages":"Fran\u00e7ais, Anglais, Italien, Allemand","duration":"environ 1,5 \u00e0 2 heures","description_1":"","description_2":"","city_description":"Montmartre n\u2019est dans Paris que depuis peu, mais le profane pourrait croire qu\u2019elles ne font qu\u2019un. Pourtant, pass\u00e9 le boulevard de Clichy, on p\u00e9n\u00e8tre dans un autre monde, un village perch\u00e9 sur une butte, jadis le refuge des excentriques, des fous : des artistes.","short_description":"","notes":"","header_image":62044,"highlight_locations":"Moulin rouge, Mur des \u201cJe t\u2019aime\u201d, Basilique du Sacr\u00e9 C\u0153ur de Montmartre","additional_wheelchair":"Malheureusement, cette piste n\u2019est que partiellement adapt\u00e9e aux fauteuils roulants et aux poussettes en raison de ses pentes et de ses escaliers. Cependant, la piste peut \u00eatre jou\u00e9e, mais certains endroits peuvent \u00eatre plus difficiles d\u2019acc\u00e8s.","voucher_link":"","start_location_coordinates":"48.88364, 2.33308","start_location_name":"Blanche","start_location_address":"M\u00e9tro Blanche, 75018 Paris","end_location_name":"Basilique du Sacr\u00e9 C\u0153ur de Montmartre","partner_object":null},"_links":{"self":[{"href":"https:\/\/explorial.com\/fr\/wp-json\/wp\/v2\/product\/70861","targetHints":{"allow":["GET"]}}],"collection":[{"href":"https:\/\/explorial.com\/fr\/wp-json\/wp\/v2\/product"}],"about":[{"href":"https:\/\/explorial.com\/fr\/wp-json\/wp\/v2\/types\/product"}],"replies":[{"embeddable":true,"href":"https:\/\/explorial.com\/fr\/wp-json\/wp\/v2\/comments?post=70861"}],"wp:featuredmedia":[{"embeddable":true,"href":"https:\/\/explorial.com\/fr\/wp-json\/wp\/v2\/media\/62049"}],"wp:attachment":[{"href":"https:\/\/explorial.com\/fr\/wp-json\/wp\/v2\/media?parent=70861"}],"wp:term":[{"taxonomy":"product_brand","embeddable":true,"href":"https:\/\/explorial.com\/fr\/wp-json\/wp\/v2\/product_brand?post=70861"},{"taxonomy":"product_cat","embeddable":true,"href":"https:\/\/explorial.com\/fr\/wp-json\/wp\/v2\/product_cat?post=70861"},{"taxonomy":"product_tag","embeddable":true,"href":"https:\/\/explorial.com\/fr\/wp-json\/wp\/v2\/product_tag?post=70861"}],"curies":[{"name":"wp","href":"https:\/\/api.w.org\/{rel}","templated":true}]}}