{"id":70833,"date":"2022-06-01T13:24:51","date_gmt":"2022-06-01T13:24:51","guid":{"rendered":"https:\/\/explorial.com\/trails\/tour-de-ville-paris-1\/"},"modified":"2024-09-17T08:40:34","modified_gmt":"2024-09-17T08:40:34","slug":"tour-de-ville-paris-1","status":"publish","type":"product","link":"https:\/\/explorial.com\/fr\/trails\/tour-de-ville-paris-1\/","title":{"rendered":"Paris (Quartier du Marais)"},"content":{"rendered":"","protected":false},"excerpt":{"rendered":"","protected":false},"featured_media":62019,"comment_status":"open","ping_status":"closed","template":"","meta":{"_acf_changed":false},"product_brand":[],"product_cat":[1125,1133],"product_tag":[1132],"class_list":{"0":"post-70833","1":"product","2":"type-product","3":"status-publish","4":"has-post-thumbnail","6":"product_cat-france-fr","7":"product_cat-paris-region-fr","8":"product_tag-paris-fr","10":"first","11":"instock","12":"sale","13":"taxable","14":"shipping-taxable","15":"purchasable","16":"product-type-variable"},"acf":{"city_name":"Paris","city_name_display":"Paris (Quartier du Marais)","languages":"Fran\u00e7ais, Anglais, Italien, Allemand","duration":"environ 1,5 \u00e0 2 heures","description_1":"","description_2":"","city_description":"Paris, ville la plus visit\u00e9e au monde, c\u00e9l\u00e8bre pour sa Tour Eiffel, le Louvre, son Arc de Triomphe... Mais la capitale fran\u00e7aise a plus d'une merveille dans son sac : le Paris d'avant le si\u00e8cle des Lumi\u00e8res, couve, sous ses ruelles, l'histoire qui l'a men\u00e9e des Gaulois \u00e0 la R\u00e9volution.","short_description":"","notes":"","header_image":59849,"highlight_locations":"Place de la Bastille, H\u00f4tel de Sens, Place des Vosges","additional_wheelchair":"Malheureusement, cette piste n\u2019est que partiellement adapt\u00e9e aux fauteuils roulants et aux poussettes en raison de ses pentes et de ses escaliers. Cependant, la piste peut \u00eatre jou\u00e9e, mais certains endroits peuvent \u00eatre plus difficiles d\u2019acc\u00e8s.","voucher_link":"","start_location_coordinates":"48.8577, 2.3475","start_location_name":"Place du Ch\u00e2telet","start_location_address":"75001 Paris","end_location_name":"Place de la Bastille","partner_object":null},"_links":{"self":[{"href":"https:\/\/explorial.com\/fr\/wp-json\/wp\/v2\/product\/70833","targetHints":{"allow":["GET"]}}],"collection":[{"href":"https:\/\/explorial.com\/fr\/wp-json\/wp\/v2\/product"}],"about":[{"href":"https:\/\/explorial.com\/fr\/wp-json\/wp\/v2\/types\/product"}],"replies":[{"embeddable":true,"href":"https:\/\/explorial.com\/fr\/wp-json\/wp\/v2\/comments?post=70833"}],"wp:featuredmedia":[{"embeddable":true,"href":"https:\/\/explorial.com\/fr\/wp-json\/wp\/v2\/media\/62019"}],"wp:attachment":[{"href":"https:\/\/explorial.com\/fr\/wp-json\/wp\/v2\/media?parent=70833"}],"wp:term":[{"taxonomy":"product_brand","embeddable":true,"href":"https:\/\/explorial.com\/fr\/wp-json\/wp\/v2\/product_brand?post=70833"},{"taxonomy":"product_cat","embeddable":true,"href":"https:\/\/explorial.com\/fr\/wp-json\/wp\/v2\/product_cat?post=70833"},{"taxonomy":"product_tag","embeddable":true,"href":"https:\/\/explorial.com\/fr\/wp-json\/wp\/v2\/product_tag?post=70833"}],"curies":[{"name":"wp","href":"https:\/\/api.w.org\/{rel}","templated":true}]}}