{"id":70799,"date":"2022-04-29T13:27:33","date_gmt":"2022-04-29T13:27:33","guid":{"rendered":"https:\/\/explorial.com\/trails\/tour-de-ville-marseille-1\/"},"modified":"2024-09-17T08:51:10","modified_gmt":"2024-09-17T08:51:10","slug":"tour-de-ville-marseille-1","status":"publish","type":"product","link":"https:\/\/explorial.com\/fr\/trails\/tour-de-ville-marseille-1\/","title":{"rendered":"Marseille"},"content":{"rendered":"","protected":false},"excerpt":{"rendered":"","protected":false},"featured_media":56414,"comment_status":"open","ping_status":"closed","template":"","meta":{"_acf_changed":false},"product_brand":[],"product_cat":[1125,1126],"product_tag":[1131],"class_list":{"0":"post-70799","1":"product","2":"type-product","3":"status-publish","4":"has-post-thumbnail","6":"product_cat-france-fr","7":"product_cat-provence-alpes-cote-dazur-fr","8":"product_tag-marseille-fr","10":"first","11":"instock","12":"sale","13":"taxable","14":"shipping-taxable","15":"purchasable","16":"product-type-variable"},"acf":{"city_name":"Marseille","city_name_display":"Marseille","languages":"Anglais, Fran\u00e7ais, Italien, Allemand","duration":"environ 1,5 \u00e0 2 heures","description_1":"","description_2":"","city_description":"L'h\u00f4tel de ville, qui abrite le bureau du maire de Marseille, a \u00e9t\u00e9 construit en 1653 pour remplacer l'ancien \"palais communal\", qui mena\u00e7ait ruine et \u00e9tait \u00e9loign\u00e9 du nouveau centre d'activit\u00e9 des Marseillais. On a dit de lui que c'est \"certainement le b\u00e2timent g\u00e9nois le plus typique jamais construit dans le sud de la France\", car son architecture rappelle celle des villas de la Riviera ligure.","short_description":"","notes":"","header_image":56398,"highlight_locations":"L\u2019H\u00f4tel de Ville, Sainte-Marie-Majeure, Fort Saint-Jean","additional_wheelchair":"Malheureusement, cette piste n\u2019est que partiellement adapt\u00e9e aux fauteuils roulants et aux poussettes en raison de ses pentes et de ses escaliers. Cependant, la piste peut \u00eatre jou\u00e9e, mais certains endroits peuvent \u00eatre plus difficiles d\u2019acc\u00e8s.","voucher_link":"","start_location_coordinates":"43.29596, 5.37003","start_location_name":"Quai du port","start_location_address":"2 Quai du Port\n13002 Marseille","end_location_name":"Fort Saint-Jean","partner_object":null},"_links":{"self":[{"href":"https:\/\/explorial.com\/fr\/wp-json\/wp\/v2\/product\/70799","targetHints":{"allow":["GET"]}}],"collection":[{"href":"https:\/\/explorial.com\/fr\/wp-json\/wp\/v2\/product"}],"about":[{"href":"https:\/\/explorial.com\/fr\/wp-json\/wp\/v2\/types\/product"}],"replies":[{"embeddable":true,"href":"https:\/\/explorial.com\/fr\/wp-json\/wp\/v2\/comments?post=70799"}],"wp:featuredmedia":[{"embeddable":true,"href":"https:\/\/explorial.com\/fr\/wp-json\/wp\/v2\/media\/56414"}],"wp:attachment":[{"href":"https:\/\/explorial.com\/fr\/wp-json\/wp\/v2\/media?parent=70799"}],"wp:term":[{"taxonomy":"product_brand","embeddable":true,"href":"https:\/\/explorial.com\/fr\/wp-json\/wp\/v2\/product_brand?post=70799"},{"taxonomy":"product_cat","embeddable":true,"href":"https:\/\/explorial.com\/fr\/wp-json\/wp\/v2\/product_cat?post=70799"},{"taxonomy":"product_tag","embeddable":true,"href":"https:\/\/explorial.com\/fr\/wp-json\/wp\/v2\/product_tag?post=70799"}],"curies":[{"name":"wp","href":"https:\/\/api.w.org\/{rel}","templated":true}]}}