{"id":70771,"date":"2022-06-24T13:23:34","date_gmt":"2022-06-24T13:23:34","guid":{"rendered":"https:\/\/explorial.com\/trails\/tour-de-ville-lille-1\/"},"modified":"2024-09-17T08:37:57","modified_gmt":"2024-09-17T08:37:57","slug":"tour-de-ville-lille-1","status":"publish","type":"product","link":"https:\/\/explorial.com\/fr\/trails\/tour-de-ville-lille-1\/","title":{"rendered":"Lille"},"content":{"rendered":"","protected":false},"excerpt":{"rendered":"","protected":false},"featured_media":61984,"comment_status":"open","ping_status":"closed","template":"","meta":{"_acf_changed":false},"product_brand":[],"product_cat":[1125,1130],"product_tag":[1004],"class_list":{"0":"post-70771","1":"product","2":"type-product","3":"status-publish","4":"has-post-thumbnail","6":"product_cat-france-fr","7":"product_cat-hauts-de-france-fr","8":"product_tag-lille-ch","10":"first","11":"instock","12":"sale","13":"taxable","14":"shipping-taxable","15":"purchasable","16":"product-type-variable"},"acf":{"city_name":"Lille","city_name_display":"Lille","languages":"Anglais, Fran\u00e7ais, Italien, Allemand","duration":"environ 1,5 \u00e0 2 heures","description_1":"","description_2":"","city_description":"Lille, forteresse du nord, est la gardienne des fronti\u00e8res du pass\u00e9. Aujourd\u2019hui en plein renouveau, vivante et culturelle, la capitale des Flandres poursuit sa mutation : entre gaufrettes, bi\u00e8res et ses nouveaux quartiers.","short_description":"","notes":"","header_image":56257,"highlight_locations":"Place aux oignons, \u00celot Comtesse, Colonne de la d\u00e9esse","additional_wheelchair":"Malheureusement, cette piste n\u2019est que partiellement adapt\u00e9e aux fauteuils roulants et aux poussettes en raison de ses pentes et de ses escaliers. Cependant, la piste peut \u00eatre jou\u00e9e, mais certains endroits peuvent \u00eatre plus difficiles d\u2019acc\u00e8s.","voucher_link":"","start_location_coordinates":"50.63674, 3.06358","start_location_name":"La Grand'Place","start_location_address":"Place du G\u00e9n\u00e9ral de Gaulle\n59000 Lille","end_location_name":"Maison M\u00e9ert","partner_object":null},"_links":{"self":[{"href":"https:\/\/explorial.com\/fr\/wp-json\/wp\/v2\/product\/70771","targetHints":{"allow":["GET"]}}],"collection":[{"href":"https:\/\/explorial.com\/fr\/wp-json\/wp\/v2\/product"}],"about":[{"href":"https:\/\/explorial.com\/fr\/wp-json\/wp\/v2\/types\/product"}],"replies":[{"embeddable":true,"href":"https:\/\/explorial.com\/fr\/wp-json\/wp\/v2\/comments?post=70771"}],"wp:featuredmedia":[{"embeddable":true,"href":"https:\/\/explorial.com\/fr\/wp-json\/wp\/v2\/media\/61984"}],"wp:attachment":[{"href":"https:\/\/explorial.com\/fr\/wp-json\/wp\/v2\/media?parent=70771"}],"wp:term":[{"taxonomy":"product_brand","embeddable":true,"href":"https:\/\/explorial.com\/fr\/wp-json\/wp\/v2\/product_brand?post=70771"},{"taxonomy":"product_cat","embeddable":true,"href":"https:\/\/explorial.com\/fr\/wp-json\/wp\/v2\/product_cat?post=70771"},{"taxonomy":"product_tag","embeddable":true,"href":"https:\/\/explorial.com\/fr\/wp-json\/wp\/v2\/product_tag?post=70771"}],"curies":[{"name":"wp","href":"https:\/\/api.w.org\/{rel}","templated":true}]}}