{"id":301091,"date":"2025-03-04T16:44:09","date_gmt":"2025-03-04T16:44:09","guid":{"rendered":"https:\/\/explorial.com\/trails\/tour-de-ville-hanau-1\/"},"modified":"2025-03-04T16:47:10","modified_gmt":"2025-03-04T16:47:10","slug":"tour-de-ville-hanau-1","status":"publish","type":"product","link":"https:\/\/explorial.com\/fr\/trails\/tour-de-ville-hanau-1\/","title":{"rendered":"Hanau"},"content":{"rendered":"","protected":false},"excerpt":{"rendered":"","protected":false},"featured_media":301126,"comment_status":"open","ping_status":"closed","template":"","meta":{"_acf_changed":false},"product_brand":[],"product_cat":[552,3900],"product_tag":[3896],"class_list":{"0":"post-301091","1":"product","2":"type-product","3":"status-publish","4":"has-post-thumbnail","6":"product_cat-germany","7":"product_cat-hasse","8":"product_tag-hanau-pt","10":"first","11":"instock","12":"sale","13":"taxable","14":"shipping-taxable","15":"purchasable","16":"product-type-variable"},"acf":{"city_name":"Hanau","city_name_display":"Hanau","languages":"Allemand","duration":"environ 1,5 \u00e0 2 heures","description_1":"","description_2":"","city_description":"","short_description":"","notes":"","header_image":301120,"highlight_locations":"Alte Johanneskirche, Geburtshaus Br\u00fcder Grimm, Schlossgarten","additional_wheelchair":"Malheureusement, cette piste n\u2019est que partiellement adapt\u00e9e aux fauteuils roulants et aux poussettes en raison de ses pentes et de ses escaliers. Cependant, la piste peut \u00eatre jou\u00e9e, mais certains endroits peuvent \u00eatre plus difficiles d\u2019acc\u00e8s.","voucher_link":"","start_location_coordinates":"50.13823, 8.92113","start_location_name":"Gedenkstein","start_location_address":"Schlossgarten, 63450 Hanau, Deutschland","end_location_name":"Geburtshaus Br\u00fcder Grimm","partner_object":null},"_links":{"self":[{"href":"https:\/\/explorial.com\/fr\/wp-json\/wp\/v2\/product\/301091","targetHints":{"allow":["GET"]}}],"collection":[{"href":"https:\/\/explorial.com\/fr\/wp-json\/wp\/v2\/product"}],"about":[{"href":"https:\/\/explorial.com\/fr\/wp-json\/wp\/v2\/types\/product"}],"replies":[{"embeddable":true,"href":"https:\/\/explorial.com\/fr\/wp-json\/wp\/v2\/comments?post=301091"}],"wp:featuredmedia":[{"embeddable":true,"href":"https:\/\/explorial.com\/fr\/wp-json\/wp\/v2\/media\/301126"}],"wp:attachment":[{"href":"https:\/\/explorial.com\/fr\/wp-json\/wp\/v2\/media?parent=301091"}],"wp:term":[{"taxonomy":"product_brand","embeddable":true,"href":"https:\/\/explorial.com\/fr\/wp-json\/wp\/v2\/product_brand?post=301091"},{"taxonomy":"product_cat","embeddable":true,"href":"https:\/\/explorial.com\/fr\/wp-json\/wp\/v2\/product_cat?post=301091"},{"taxonomy":"product_tag","embeddable":true,"href":"https:\/\/explorial.com\/fr\/wp-json\/wp\/v2\/product_tag?post=301091"}],"curies":[{"name":"wp","href":"https:\/\/api.w.org\/{rel}","templated":true}]}}