{"id":298669,"date":"2025-01-27T16:03:42","date_gmt":"2025-01-27T16:03:42","guid":{"rendered":"https:\/\/explorial.com\/trails\/tour-de-ville-santander-1\/"},"modified":"2025-01-27T16:04:36","modified_gmt":"2025-01-27T16:04:36","slug":"tour-de-ville-santander-1","status":"publish","type":"product","link":"https:\/\/explorial.com\/fr\/trails\/tour-de-ville-santander-1\/","title":{"rendered":"Santander"},"content":{"rendered":"","protected":false},"excerpt":{"rendered":"","protected":false},"featured_media":298418,"comment_status":"open","ping_status":"closed","template":"","meta":{"_acf_changed":false},"product_brand":[],"product_cat":[3871,1169],"product_tag":[3864],"class_list":{"0":"post-298669","1":"product","2":"type-product","3":"status-publish","4":"has-post-thumbnail","6":"product_cat-cantabria-fr","7":"product_cat-spain-fr","8":"product_tag-santander-ch","10":"first","11":"instock","12":"sale","13":"taxable","14":"shipping-taxable","15":"purchasable","16":"product-type-variable"},"acf":{"city_name":"Santander","city_name_display":"Santander","languages":"Espagnol, Anglais","duration":"environ 1,5 \u00e0 2 heures","description_1":"","description_2":"","city_description":"","short_description":"","notes":"","header_image":298412,"highlight_locations":"Centro Bot\u00edn, Mercado del Este, Los Raqueros ","additional_wheelchair":"Malheureusement, cette piste n\u2019est que partiellement adapt\u00e9e aux fauteuils roulants et aux poussettes en raison de ses pentes et de ses escaliers. Cependant, la piste peut \u00eatre jou\u00e9e, mais certains endroits peuvent \u00eatre plus difficiles d\u2019acc\u00e8s.","voucher_link":"","start_location_coordinates":"43.46157, -3.80484","start_location_name":"Oficina de Turismo de Santander","start_location_address":"P.\u00ba de Pereda, s\/n, 39003 Santander, Cantabria, Espa\u00f1a","end_location_name":"Los Raqueros ","partner_object":null},"_links":{"self":[{"href":"https:\/\/explorial.com\/fr\/wp-json\/wp\/v2\/product\/298669","targetHints":{"allow":["GET"]}}],"collection":[{"href":"https:\/\/explorial.com\/fr\/wp-json\/wp\/v2\/product"}],"about":[{"href":"https:\/\/explorial.com\/fr\/wp-json\/wp\/v2\/types\/product"}],"replies":[{"embeddable":true,"href":"https:\/\/explorial.com\/fr\/wp-json\/wp\/v2\/comments?post=298669"}],"wp:featuredmedia":[{"embeddable":true,"href":"https:\/\/explorial.com\/fr\/wp-json\/wp\/v2\/media\/298418"}],"wp:attachment":[{"href":"https:\/\/explorial.com\/fr\/wp-json\/wp\/v2\/media?parent=298669"}],"wp:term":[{"taxonomy":"product_brand","embeddable":true,"href":"https:\/\/explorial.com\/fr\/wp-json\/wp\/v2\/product_brand?post=298669"},{"taxonomy":"product_cat","embeddable":true,"href":"https:\/\/explorial.com\/fr\/wp-json\/wp\/v2\/product_cat?post=298669"},{"taxonomy":"product_tag","embeddable":true,"href":"https:\/\/explorial.com\/fr\/wp-json\/wp\/v2\/product_tag?post=298669"}],"curies":[{"name":"wp","href":"https:\/\/api.w.org\/{rel}","templated":true}]}}