{"id":297450,"date":"2025-01-24T13:07:54","date_gmt":"2025-01-24T13:07:54","guid":{"rendered":"https:\/\/explorial.com\/trails\/tour-de-ville-la-rochelle-1\/"},"modified":"2025-01-24T13:08:59","modified_gmt":"2025-01-24T13:08:59","slug":"tour-de-ville-la-rochelle-1","status":"publish","type":"product","link":"https:\/\/explorial.com\/fr\/trails\/tour-de-ville-la-rochelle-1\/","title":{"rendered":"La Rochelle"},"content":{"rendered":"","protected":false},"excerpt":{"rendered":"","protected":false},"featured_media":297069,"comment_status":"open","ping_status":"closed","template":"","meta":{"_acf_changed":false},"product_brand":[],"product_cat":[1125,3597],"product_tag":[3830],"class_list":{"0":"post-297450","1":"product","2":"type-product","3":"status-publish","4":"has-post-thumbnail","6":"product_cat-france-fr","7":"product_cat-nouvelle-aquitaine-fr","8":"product_tag-la-rochelle-ch","10":"first","11":"instock","12":"sale","13":"taxable","14":"shipping-taxable","15":"purchasable","16":"product-type-variable"},"acf":{"city_name":"La Rochelle","city_name_display":"La Rochelle","languages":"Anglais, Fran\u00e7ais","duration":"environ 1,5 \u00e0 2 heures","description_1":"","description_2":"","city_description":"R\u00e9put\u00e9e pour son r\u00f4le dans le protestantisme et sa r\u00e9silience, La Rochelle a prosp\u00e9r\u00e9 gr\u00e2ce au commerce maritime et aux \u00e9changes culturels. Aujourd'hui, son architecture historique \u00e9tonnante et son charme c\u00f4tier vibrant en font une destination incontournable de la c\u00f4te atlantique. Explore La Rochelle et d\u00e9couvre une ville \u00e0 l'identit\u00e9 unique, qui allie beaut\u00e9 et histoire en toute harmonie.","short_description":"","notes":"","header_image":297037,"highlight_locations":"Grosse Horloge, Place de l'H\u00f4tel de ville, Vieux-Port","additional_wheelchair":"Malheureusement, cette piste n\u2019est que partiellement adapt\u00e9e aux fauteuils roulants et aux poussettes en raison de ses pentes et de ses escaliers. Cependant, la piste peut \u00eatre jou\u00e9e, mais certains endroits peuvent \u00eatre plus difficiles d\u2019acc\u00e8s.","voucher_link":"","start_location_coordinates":"46.15796, -1.15318","start_location_name":"Statue de l'amiral Duperr\u00e9","start_location_address":"1 rue L\u00e9once Vieljeux, 17000 La Rochelle, France","end_location_name":"Vieux-Port","partner_object":null},"_links":{"self":[{"href":"https:\/\/explorial.com\/fr\/wp-json\/wp\/v2\/product\/297450","targetHints":{"allow":["GET"]}}],"collection":[{"href":"https:\/\/explorial.com\/fr\/wp-json\/wp\/v2\/product"}],"about":[{"href":"https:\/\/explorial.com\/fr\/wp-json\/wp\/v2\/types\/product"}],"replies":[{"embeddable":true,"href":"https:\/\/explorial.com\/fr\/wp-json\/wp\/v2\/comments?post=297450"}],"wp:featuredmedia":[{"embeddable":true,"href":"https:\/\/explorial.com\/fr\/wp-json\/wp\/v2\/media\/297069"}],"wp:attachment":[{"href":"https:\/\/explorial.com\/fr\/wp-json\/wp\/v2\/media?parent=297450"}],"wp:term":[{"taxonomy":"product_brand","embeddable":true,"href":"https:\/\/explorial.com\/fr\/wp-json\/wp\/v2\/product_brand?post=297450"},{"taxonomy":"product_cat","embeddable":true,"href":"https:\/\/explorial.com\/fr\/wp-json\/wp\/v2\/product_cat?post=297450"},{"taxonomy":"product_tag","embeddable":true,"href":"https:\/\/explorial.com\/fr\/wp-json\/wp\/v2\/product_tag?post=297450"}],"curies":[{"name":"wp","href":"https:\/\/api.w.org\/{rel}","templated":true}]}}