{"id":296873,"date":"2025-01-21T12:40:31","date_gmt":"2025-01-21T12:40:31","guid":{"rendered":"https:\/\/explorial.com\/trails\/tour-de-ville-bangalore-1-2\/"},"modified":"2025-01-21T12:43:01","modified_gmt":"2025-01-21T12:43:01","slug":"tour-de-ville-bangalore-1-2","status":"publish","type":"product","link":"https:\/\/explorial.com\/fr\/trails\/tour-de-ville-bangalore-1-2\/","title":{"rendered":"Bangalore"},"content":{"rendered":"","protected":false},"excerpt":{"rendered":"","protected":false},"featured_media":296699,"comment_status":"open","ping_status":"closed","template":"","meta":{"_acf_changed":false},"product_brand":[],"product_cat":[1363,3817],"product_tag":[3811],"class_list":{"0":"post-296873","1":"product","2":"type-product","3":"status-publish","4":"has-post-thumbnail","6":"product_cat-india-fr","7":"product_cat-karnataka-fr","8":"product_tag-bangalore-fr","10":"first","11":"instock","12":"sale","13":"taxable","14":"shipping-taxable","15":"purchasable","16":"product-type-variable"},"acf":{"city_name":"Bangalore","city_name_display":"Bangalore","languages":"Anglais","duration":"environ 1,5 \u00e0 2 heures","description_1":"","description_2":"","city_description":"","short_description":"","notes":"","header_image":296693,"highlight_locations":"Vidhana Soudha, National Military Memorial Park, Basavanna Statue","additional_wheelchair":"Malheureusement, cette piste n\u2019est que partiellement adapt\u00e9e aux fauteuils roulants et aux poussettes en raison de ses pentes et de ses escaliers. Cependant, la piste peut \u00eatre jou\u00e9e, mais certains endroits peuvent \u00eatre plus difficiles d\u2019acc\u00e8s.","voucher_link":"","start_location_coordinates":"12.98425, 77.58806","start_location_name":"Palace Road","start_location_address":"Devaraj Urs Rd, High Grounds, Sampangi Rama Nagar, Bengaluru, Karnataka 560001, India","end_location_name":"Karnataka Vikasa Soudha","partner_object":null},"_links":{"self":[{"href":"https:\/\/explorial.com\/fr\/wp-json\/wp\/v2\/product\/296873","targetHints":{"allow":["GET"]}}],"collection":[{"href":"https:\/\/explorial.com\/fr\/wp-json\/wp\/v2\/product"}],"about":[{"href":"https:\/\/explorial.com\/fr\/wp-json\/wp\/v2\/types\/product"}],"replies":[{"embeddable":true,"href":"https:\/\/explorial.com\/fr\/wp-json\/wp\/v2\/comments?post=296873"}],"wp:featuredmedia":[{"embeddable":true,"href":"https:\/\/explorial.com\/fr\/wp-json\/wp\/v2\/media\/296699"}],"wp:attachment":[{"href":"https:\/\/explorial.com\/fr\/wp-json\/wp\/v2\/media?parent=296873"}],"wp:term":[{"taxonomy":"product_brand","embeddable":true,"href":"https:\/\/explorial.com\/fr\/wp-json\/wp\/v2\/product_brand?post=296873"},{"taxonomy":"product_cat","embeddable":true,"href":"https:\/\/explorial.com\/fr\/wp-json\/wp\/v2\/product_cat?post=296873"},{"taxonomy":"product_tag","embeddable":true,"href":"https:\/\/explorial.com\/fr\/wp-json\/wp\/v2\/product_tag?post=296873"}],"curies":[{"name":"wp","href":"https:\/\/api.w.org\/{rel}","templated":true}]}}