{"id":295732,"date":"2025-01-21T11:57:26","date_gmt":"2025-01-21T11:57:26","guid":{"rendered":"https:\/\/explorial.com\/trails\/tour-de-ville-anvers-1\/"},"modified":"2025-01-21T12:22:46","modified_gmt":"2025-01-21T12:22:46","slug":"tour-de-ville-anvers-1","status":"publish","type":"product","link":"https:\/\/explorial.com\/fr\/trails\/tour-de-ville-anvers-1\/","title":{"rendered":"Anvers"},"content":{"rendered":"","protected":false},"excerpt":{"rendered":"","protected":false},"featured_media":296148,"comment_status":"open","ping_status":"closed","template":"","meta":{"_acf_changed":false},"product_brand":[],"product_cat":[3277,3805],"product_tag":[3799],"class_list":{"0":"post-295732","1":"product","2":"type-product","3":"status-publish","4":"has-post-thumbnail","6":"product_cat-belgium-fr","7":"product_cat-flanders-fr","8":"product_tag-antwerp-fr","10":"first","11":"instock","12":"sale","13":"taxable","14":"shipping-taxable","15":"purchasable","16":"product-type-variable"},"acf":{"city_name":"Anvers","city_name_display":"Anvers","languages":"Anglais, Fran\u00e7ais","duration":"environ 1,5 \u00e0 2 heures","description_1":"","description_2":"","city_description":"Anvers : une ville o\u00f9 les rues m\u00e9di\u00e9vales c\u00f4toient une vie nocturne tr\u00e9pidante. Passe la journ\u00e9e \u00e0 d\u00e9couvrir la riche histoire de la ville ou \u00e0 acheter du chocolat et des diamants. Termine en sirotant des bi\u00e8res sp\u00e9ciales dans un caf\u00e9 confortable ou en grignotant des gaufres belges. Si cela ressemble \u00e0 des vacances parfaites pour toi, Anvers est l'endroit id\u00e9al !","short_description":"","notes":"","header_image":296142,"highlight_locations":"Het Steen, Stoelstraat 11, Onze-Lieve-Vrouwekathedraal","additional_wheelchair":"Malheureusement, cette piste n\u2019est que partiellement adapt\u00e9e aux fauteuils roulants et aux poussettes en raison de ses pentes et de ses escaliers. Cependant, la piste peut \u00eatre jou\u00e9e, mais certains endroits peuvent \u00eatre plus difficiles d\u2019acc\u00e8s.","voucher_link":"","start_location_coordinates":"51.22236, 4.39745","start_location_name":"Statue de Lange Wapper","start_location_address":"Steenplein 1, 2000 Anvers, Belgique","end_location_name":"Rubenshuis","partner_object":null},"_links":{"self":[{"href":"https:\/\/explorial.com\/fr\/wp-json\/wp\/v2\/product\/295732","targetHints":{"allow":["GET"]}}],"collection":[{"href":"https:\/\/explorial.com\/fr\/wp-json\/wp\/v2\/product"}],"about":[{"href":"https:\/\/explorial.com\/fr\/wp-json\/wp\/v2\/types\/product"}],"replies":[{"embeddable":true,"href":"https:\/\/explorial.com\/fr\/wp-json\/wp\/v2\/comments?post=295732"}],"wp:featuredmedia":[{"embeddable":true,"href":"https:\/\/explorial.com\/fr\/wp-json\/wp\/v2\/media\/296148"}],"wp:attachment":[{"href":"https:\/\/explorial.com\/fr\/wp-json\/wp\/v2\/media?parent=295732"}],"wp:term":[{"taxonomy":"product_brand","embeddable":true,"href":"https:\/\/explorial.com\/fr\/wp-json\/wp\/v2\/product_brand?post=295732"},{"taxonomy":"product_cat","embeddable":true,"href":"https:\/\/explorial.com\/fr\/wp-json\/wp\/v2\/product_cat?post=295732"},{"taxonomy":"product_tag","embeddable":true,"href":"https:\/\/explorial.com\/fr\/wp-json\/wp\/v2\/product_tag?post=295732"}],"curies":[{"name":"wp","href":"https:\/\/api.w.org\/{rel}","templated":true}]}}