{"id":295513,"date":"2025-01-21T11:56:34","date_gmt":"2025-01-21T11:56:34","guid":{"rendered":"https:\/\/explorial.com\/trails\/tour-de-ville-louvain-1\/"},"modified":"2025-01-21T12:33:08","modified_gmt":"2025-01-21T12:33:08","slug":"tour-de-ville-louvain-1","status":"publish","type":"product","link":"https:\/\/explorial.com\/fr\/trails\/tour-de-ville-louvain-1\/","title":{"rendered":"Louvain"},"content":{"rendered":"","protected":false},"excerpt":{"rendered":"","protected":false},"featured_media":296374,"comment_status":"open","ping_status":"closed","template":"","meta":{"_acf_changed":false},"product_brand":[],"product_cat":[3277,3805],"product_tag":[3792],"class_list":{"0":"post-295513","1":"product","2":"type-product","3":"status-publish","4":"has-post-thumbnail","6":"product_cat-belgium-fr","7":"product_cat-flanders-fr","8":"product_tag-leuven-ch","10":"first","11":"instock","12":"sale","13":"taxable","14":"shipping-taxable","15":"purchasable","16":"product-type-variable"},"acf":{"city_name":"Louvain","city_name_display":"Louvain","languages":"Anglais, Fran\u00e7ais","duration":"environ 1,5 \u00e0 2 heures","description_1":"","description_2":"","city_description":"Tu voudrais go\u00fbter \u00e0 la culture, aux bi\u00e8res et au chocolat belges, mais tu d\u00e9testes la foule ? Oublie les files d'attente et choisis Louvain, une ville moins fr\u00e9quent\u00e9e mais qui n\u2019en est pas moins belle ! Cette ville \u00e9tudiante a tout pour plaire : une architecture magnifique, une histoire int\u00e9ressante et une excellente ambiance. ","short_description":"","notes":"","header_image":296263,"highlight_locations":"Sint-Pieterskerk, Stadhuis, Oude Markt","additional_wheelchair":"Malheureusement, cette piste n\u2019est que partiellement adapt\u00e9e aux fauteuils roulants et aux poussettes en raison de ses pentes et de ses escaliers. Cependant, la piste peut \u00eatre jou\u00e9e, mais certains endroits peuvent \u00eatre plus difficiles d\u2019acc\u00e8s.","voucher_link":"","start_location_coordinates":"50.88025, 4.69645","start_location_name":"Arc romain","start_location_address":"Brusselsestraat 63, 3000 Louvain, Belgique","end_location_name":"Groot Begijnhof","partner_object":null},"_links":{"self":[{"href":"https:\/\/explorial.com\/fr\/wp-json\/wp\/v2\/product\/295513","targetHints":{"allow":["GET"]}}],"collection":[{"href":"https:\/\/explorial.com\/fr\/wp-json\/wp\/v2\/product"}],"about":[{"href":"https:\/\/explorial.com\/fr\/wp-json\/wp\/v2\/types\/product"}],"replies":[{"embeddable":true,"href":"https:\/\/explorial.com\/fr\/wp-json\/wp\/v2\/comments?post=295513"}],"wp:featuredmedia":[{"embeddable":true,"href":"https:\/\/explorial.com\/fr\/wp-json\/wp\/v2\/media\/296374"}],"wp:attachment":[{"href":"https:\/\/explorial.com\/fr\/wp-json\/wp\/v2\/media?parent=295513"}],"wp:term":[{"taxonomy":"product_brand","embeddable":true,"href":"https:\/\/explorial.com\/fr\/wp-json\/wp\/v2\/product_brand?post=295513"},{"taxonomy":"product_cat","embeddable":true,"href":"https:\/\/explorial.com\/fr\/wp-json\/wp\/v2\/product_cat?post=295513"},{"taxonomy":"product_tag","embeddable":true,"href":"https:\/\/explorial.com\/fr\/wp-json\/wp\/v2\/product_tag?post=295513"}],"curies":[{"name":"wp","href":"https:\/\/api.w.org\/{rel}","templated":true}]}}