{"id":293285,"date":"2024-12-18T10:27:00","date_gmt":"2024-12-18T10:27:00","guid":{"rendered":"https:\/\/explorial.com\/trails\/tour-de-ville-wangen-im-allgau-1\/"},"modified":"2024-12-18T10:27:50","modified_gmt":"2024-12-18T10:27:50","slug":"tour-de-ville-wangen-im-allgau-1","status":"publish","type":"product","link":"https:\/\/explorial.com\/fr\/trails\/tour-de-ville-wangen-im-allgau-1\/","title":{"rendered":"Wangen im Allg\u00e4u"},"content":{"rendered":"","protected":false},"excerpt":{"rendered":"","protected":false},"featured_media":293036,"comment_status":"open","ping_status":"closed","template":"","meta":{"_acf_changed":false},"product_brand":[],"product_cat":[1136,1139],"product_tag":[3753],"class_list":{"0":"post-293285","1":"product","2":"type-product","3":"status-publish","4":"has-post-thumbnail","6":"product_cat-germany-fr","7":"product_cat-baden-wurttemberg-fr","8":"product_tag-wangen-im-allgau-ch","10":"first","11":"instock","12":"sale","13":"taxable","14":"shipping-taxable","15":"purchasable","16":"product-type-variable"},"acf":{"city_name":"Wangen im Allg\u00e4u","city_name_display":"Wangen im Allg\u00e4u","languages":"Allemand","duration":"environ 1,5 \u00e0 2 heures","description_1":"","description_2":"","city_description":"","short_description":"","notes":"","header_image":293030,"highlight_locations":"Caf\u00e9 Walfisch beim Martinstor, Marktplatz, Adlerbrunnen an der Herrenstra\u00dfe","additional_wheelchair":"Malheureusement, cette piste n\u2019est que partiellement adapt\u00e9e aux fauteuils roulants et aux poussettes en raison de ses pentes et de ses escaliers. Cependant, la piste peut \u00eatre jou\u00e9e, mais certains endroits peuvent \u00eatre plus difficiles d\u2019acc\u00e8s.","voucher_link":"","start_location_coordinates":"47.68788, 9.83369","start_location_name":"Frauentorplatz","start_location_address":"D - 88239 Wangen im Allg\u00e4u\n\n","end_location_name":"Taugenichts","partner_object":null},"_links":{"self":[{"href":"https:\/\/explorial.com\/fr\/wp-json\/wp\/v2\/product\/293285","targetHints":{"allow":["GET"]}}],"collection":[{"href":"https:\/\/explorial.com\/fr\/wp-json\/wp\/v2\/product"}],"about":[{"href":"https:\/\/explorial.com\/fr\/wp-json\/wp\/v2\/types\/product"}],"replies":[{"embeddable":true,"href":"https:\/\/explorial.com\/fr\/wp-json\/wp\/v2\/comments?post=293285"}],"wp:featuredmedia":[{"embeddable":true,"href":"https:\/\/explorial.com\/fr\/wp-json\/wp\/v2\/media\/293036"}],"wp:attachment":[{"href":"https:\/\/explorial.com\/fr\/wp-json\/wp\/v2\/media?parent=293285"}],"wp:term":[{"taxonomy":"product_brand","embeddable":true,"href":"https:\/\/explorial.com\/fr\/wp-json\/wp\/v2\/product_brand?post=293285"},{"taxonomy":"product_cat","embeddable":true,"href":"https:\/\/explorial.com\/fr\/wp-json\/wp\/v2\/product_cat?post=293285"},{"taxonomy":"product_tag","embeddable":true,"href":"https:\/\/explorial.com\/fr\/wp-json\/wp\/v2\/product_tag?post=293285"}],"curies":[{"name":"wp","href":"https:\/\/api.w.org\/{rel}","templated":true}]}}