{"id":291092,"date":"2024-10-29T10:48:29","date_gmt":"2024-10-29T10:48:29","guid":{"rendered":"https:\/\/explorial.com\/trails\/tour-de-ville-newcastle-upon-tyne-1\/"},"modified":"2024-10-29T10:49:25","modified_gmt":"2024-10-29T10:49:25","slug":"tour-de-ville-newcastle-upon-tyne-1","status":"publish","type":"product","link":"https:\/\/explorial.com\/fr\/trails\/tour-de-ville-newcastle-upon-tyne-1\/","title":{"rendered":"Newcastle upon Tyne"},"content":{"rendered":"","protected":false},"excerpt":{"rendered":"","protected":false},"featured_media":290821,"comment_status":"open","ping_status":"closed","template":"","meta":{"_acf_changed":false},"product_brand":[],"product_cat":[3124,1618],"product_tag":[3722],"class_list":{"0":"post-291092","1":"product","2":"type-product","3":"status-publish","4":"has-post-thumbnail","6":"product_cat-north-east-fr","7":"product_cat-united-kingdom-fr","8":"product_tag-newcastle-upon-tyne-es","10":"first","11":"instock","12":"sale","13":"taxable","14":"shipping-taxable","15":"purchasable","16":"product-type-variable"},"acf":{"city_name":"Newcastle upon Tyne","city_name_display":"Newcastle upon Tyne","languages":"Anglais","duration":"environ 1,5 \u00e0 2 heures","description_1":"","description_2":"","city_description":"","short_description":"","notes":"","header_image":290815,"highlight_locations":"Grainger Market, St Nicholas Cathedral, Newcastle Castle","additional_wheelchair":"Malheureusement, cette piste n\u2019est que partiellement adapt\u00e9e aux fauteuils roulants et aux poussettes en raison de ses pentes et de ses escaliers. Cependant, la piste peut \u00eatre jou\u00e9e, mais certains endroits peuvent \u00eatre plus difficiles d\u2019acc\u00e8s.","voucher_link":"","start_location_coordinates":"54.96999, -1.60687","start_location_name":"All Saints Church","start_location_address":"Akenside Hill, Newcastle upon Tyne NE1 3UF, United Kingdom","end_location_name":"Blackfriars Medieval Friary","partner_object":null},"_links":{"self":[{"href":"https:\/\/explorial.com\/fr\/wp-json\/wp\/v2\/product\/291092","targetHints":{"allow":["GET"]}}],"collection":[{"href":"https:\/\/explorial.com\/fr\/wp-json\/wp\/v2\/product"}],"about":[{"href":"https:\/\/explorial.com\/fr\/wp-json\/wp\/v2\/types\/product"}],"replies":[{"embeddable":true,"href":"https:\/\/explorial.com\/fr\/wp-json\/wp\/v2\/comments?post=291092"}],"wp:featuredmedia":[{"embeddable":true,"href":"https:\/\/explorial.com\/fr\/wp-json\/wp\/v2\/media\/290821"}],"wp:attachment":[{"href":"https:\/\/explorial.com\/fr\/wp-json\/wp\/v2\/media?parent=291092"}],"wp:term":[{"taxonomy":"product_brand","embeddable":true,"href":"https:\/\/explorial.com\/fr\/wp-json\/wp\/v2\/product_brand?post=291092"},{"taxonomy":"product_cat","embeddable":true,"href":"https:\/\/explorial.com\/fr\/wp-json\/wp\/v2\/product_cat?post=291092"},{"taxonomy":"product_tag","embeddable":true,"href":"https:\/\/explorial.com\/fr\/wp-json\/wp\/v2\/product_tag?post=291092"}],"curies":[{"name":"wp","href":"https:\/\/api.w.org\/{rel}","templated":true}]}}