{"id":283973,"date":"2024-09-12T14:41:58","date_gmt":"2024-09-12T14:41:58","guid":{"rendered":"https:\/\/explorial.com\/trails\/tour-de-ville-klagenfurt-1\/"},"modified":"2024-09-12T14:42:49","modified_gmt":"2024-09-12T14:42:49","slug":"tour-de-ville-klagenfurt-1","status":"publish","type":"product","link":"https:\/\/explorial.com\/fr\/trails\/tour-de-ville-klagenfurt-1\/","title":{"rendered":"Klagenfurt"},"content":{"rendered":"","protected":false},"excerpt":{"rendered":"","protected":false},"featured_media":283724,"comment_status":"open","ping_status":"closed","template":"","meta":{"_acf_changed":false},"product_brand":[],"product_cat":[2142,3561],"product_tag":[3666],"class_list":{"0":"post-283973","1":"product","2":"type-product","3":"status-publish","4":"has-post-thumbnail","6":"product_cat-austria-fr","7":"product_cat-carinthia-fr","8":"product_tag-klagenfurt-ch","10":"first","11":"instock","12":"sale","13":"taxable","14":"shipping-taxable","15":"purchasable","16":"product-type-variable"},"acf":{"city_name":"Klagenfurt","city_name_display":"Klagenfurt","languages":"Allemand, Anglais","duration":"environ 1,5 \u00e0 2 heures","description_1":"","description_2":"","city_description":"","short_description":"","notes":"","header_image":283718,"highlight_locations":"Stadttheater, Domplatz, Schillerpark","additional_wheelchair":"Malheureusement, cette piste n\u2019est que partiellement adapt\u00e9e aux fauteuils roulants et aux poussettes en raison de ses pentes et de ses escaliers. Cependant, la piste peut \u00eatre jou\u00e9e, mais certains endroits peuvent \u00eatre plus difficiles d\u2019acc\u00e8s.","voucher_link":"","start_location_coordinates":"46.62066, 14.31165","start_location_name":"Arnulfplatz","start_location_address":"Bahnhofstra\u00dfe 39, 9020 Klagenfurt am W\u00f6rthersee, \u00d6sterreich","end_location_name":"Stadttheater","partner_object":null},"_links":{"self":[{"href":"https:\/\/explorial.com\/fr\/wp-json\/wp\/v2\/product\/283973","targetHints":{"allow":["GET"]}}],"collection":[{"href":"https:\/\/explorial.com\/fr\/wp-json\/wp\/v2\/product"}],"about":[{"href":"https:\/\/explorial.com\/fr\/wp-json\/wp\/v2\/types\/product"}],"replies":[{"embeddable":true,"href":"https:\/\/explorial.com\/fr\/wp-json\/wp\/v2\/comments?post=283973"}],"wp:featuredmedia":[{"embeddable":true,"href":"https:\/\/explorial.com\/fr\/wp-json\/wp\/v2\/media\/283724"}],"wp:attachment":[{"href":"https:\/\/explorial.com\/fr\/wp-json\/wp\/v2\/media?parent=283973"}],"wp:term":[{"taxonomy":"product_brand","embeddable":true,"href":"https:\/\/explorial.com\/fr\/wp-json\/wp\/v2\/product_brand?post=283973"},{"taxonomy":"product_cat","embeddable":true,"href":"https:\/\/explorial.com\/fr\/wp-json\/wp\/v2\/product_cat?post=283973"},{"taxonomy":"product_tag","embeddable":true,"href":"https:\/\/explorial.com\/fr\/wp-json\/wp\/v2\/product_tag?post=283973"}],"curies":[{"name":"wp","href":"https:\/\/api.w.org\/{rel}","templated":true}]}}