{"id":282277,"date":"2024-09-03T13:01:35","date_gmt":"2024-09-03T13:01:35","guid":{"rendered":"https:\/\/explorial.com\/trails\/tour-de-ville-blackpool-1\/"},"modified":"2024-09-10T11:56:59","modified_gmt":"2024-09-10T11:56:59","slug":"tour-de-ville-blackpool-1","status":"publish","type":"product","link":"https:\/\/explorial.com\/fr\/trails\/tour-de-ville-blackpool-1\/","title":{"rendered":"Blackpool"},"content":{"rendered":"","protected":false},"excerpt":{"rendered":"","protected":false},"featured_media":281842,"comment_status":"open","ping_status":"closed","template":"","meta":{"_acf_changed":false},"product_brand":[],"product_cat":[2816,1618],"product_tag":[3655],"class_list":{"0":"post-282277","1":"product","2":"type-product","3":"status-publish","4":"has-post-thumbnail","6":"product_cat-north-west-fr","7":"product_cat-united-kingdom-fr","8":"product_tag-blackpool-ch","10":"first","11":"instock","12":"sale","13":"taxable","14":"shipping-taxable","15":"purchasable","16":"product-type-variable"},"acf":{"city_name":"Blackpool","city_name_display":"Blackpool","languages":"Anglais","duration":"environ 1,5 \u00e0 2 heures","description_1":"","description_2":"","city_description":"","short_description":"","notes":"","header_image":281824,"highlight_locations":"Blackpool Tower, The Comedy Carpet, Blackpool North Pier","additional_wheelchair":"Malheureusement, cette piste n\u2019est que partiellement adapt\u00e9e aux fauteuils roulants et aux poussettes en raison de ses pentes et de ses escaliers. Cependant, la piste peut \u00eatre jou\u00e9e, mais certains endroits peuvent \u00eatre plus difficiles d\u2019acc\u00e8s.","voucher_link":"","start_location_coordinates":"53.80786, -3.05578","start_location_name":"Pumping station vents","start_location_address":"Manchester Square, Blackpool FY1 6AH, United Kingdom","end_location_name":"Grundy Art Gallery","partner_object":null},"_links":{"self":[{"href":"https:\/\/explorial.com\/fr\/wp-json\/wp\/v2\/product\/282277","targetHints":{"allow":["GET"]}}],"collection":[{"href":"https:\/\/explorial.com\/fr\/wp-json\/wp\/v2\/product"}],"about":[{"href":"https:\/\/explorial.com\/fr\/wp-json\/wp\/v2\/types\/product"}],"replies":[{"embeddable":true,"href":"https:\/\/explorial.com\/fr\/wp-json\/wp\/v2\/comments?post=282277"}],"wp:featuredmedia":[{"embeddable":true,"href":"https:\/\/explorial.com\/fr\/wp-json\/wp\/v2\/media\/281842"}],"wp:attachment":[{"href":"https:\/\/explorial.com\/fr\/wp-json\/wp\/v2\/media?parent=282277"}],"wp:term":[{"taxonomy":"product_brand","embeddable":true,"href":"https:\/\/explorial.com\/fr\/wp-json\/wp\/v2\/product_brand?post=282277"},{"taxonomy":"product_cat","embeddable":true,"href":"https:\/\/explorial.com\/fr\/wp-json\/wp\/v2\/product_cat?post=282277"},{"taxonomy":"product_tag","embeddable":true,"href":"https:\/\/explorial.com\/fr\/wp-json\/wp\/v2\/product_tag?post=282277"}],"curies":[{"name":"wp","href":"https:\/\/api.w.org\/{rel}","templated":true}]}}