{"id":281726,"date":"2024-09-03T12:57:58","date_gmt":"2024-09-03T12:57:58","guid":{"rendered":"https:\/\/explorial.com\/trails\/tour-de-ville-los-angeles-1\/"},"modified":"2024-09-10T12:43:12","modified_gmt":"2024-09-10T12:43:12","slug":"tour-de-ville-los-angeles-1","status":"publish","type":"product","link":"https:\/\/explorial.com\/fr\/trails\/tour-de-ville-los-angeles-1\/","title":{"rendered":"Los Angeles"},"content":{"rendered":"","protected":false},"excerpt":{"rendered":"","protected":false},"featured_media":281417,"comment_status":"open","ping_status":"closed","template":"","meta":{"_acf_changed":false},"product_brand":[],"product_cat":[1662,1210],"product_tag":[3643],"class_list":{"0":"post-281726","1":"product","2":"type-product","3":"status-publish","4":"has-post-thumbnail","6":"product_cat-california-fr","7":"product_cat-united-states-fr","8":"product_tag-los-angeles-es","10":"first","11":"instock","12":"sale","13":"taxable","14":"shipping-taxable","15":"purchasable","16":"product-type-variable"},"acf":{"city_name":"Los Angeles","city_name_display":"Los Angeles","languages":"Anglais","duration":"environ 1,5 \u00e0 2 heures","description_1":"","description_2":"","city_description":"","short_description":"","notes":"","header_image":281359,"highlight_locations":"Angels Flight Railway, Los Angeles City Hall, Walt Disney Concert Hall","additional_wheelchair":"Malheureusement, cette piste n\u2019est que partiellement adapt\u00e9e aux fauteuils roulants et aux poussettes en raison de ses pentes et de ses escaliers. Cependant, la piste peut \u00eatre jou\u00e9e, mais certains endroits peuvent \u00eatre plus difficiles d\u2019acc\u00e8s.","voucher_link":"","start_location_coordinates":"34.05097, -118.25494","start_location_name":"The Bunker Hill Steps","start_location_address":"W 5th St, Los Angeles, CA 90071, US","end_location_name":"Walt Disney Concert Hall","partner_object":null},"_links":{"self":[{"href":"https:\/\/explorial.com\/fr\/wp-json\/wp\/v2\/product\/281726","targetHints":{"allow":["GET"]}}],"collection":[{"href":"https:\/\/explorial.com\/fr\/wp-json\/wp\/v2\/product"}],"about":[{"href":"https:\/\/explorial.com\/fr\/wp-json\/wp\/v2\/types\/product"}],"replies":[{"embeddable":true,"href":"https:\/\/explorial.com\/fr\/wp-json\/wp\/v2\/comments?post=281726"}],"wp:featuredmedia":[{"embeddable":true,"href":"https:\/\/explorial.com\/fr\/wp-json\/wp\/v2\/media\/281417"}],"wp:attachment":[{"href":"https:\/\/explorial.com\/fr\/wp-json\/wp\/v2\/media?parent=281726"}],"wp:term":[{"taxonomy":"product_brand","embeddable":true,"href":"https:\/\/explorial.com\/fr\/wp-json\/wp\/v2\/product_brand?post=281726"},{"taxonomy":"product_cat","embeddable":true,"href":"https:\/\/explorial.com\/fr\/wp-json\/wp\/v2\/product_cat?post=281726"},{"taxonomy":"product_tag","embeddable":true,"href":"https:\/\/explorial.com\/fr\/wp-json\/wp\/v2\/product_tag?post=281726"}],"curies":[{"name":"wp","href":"https:\/\/api.w.org\/{rel}","templated":true}]}}