{"id":274653,"date":"2024-07-26T12:27:45","date_gmt":"2024-07-26T12:27:45","guid":{"rendered":"https:\/\/explorial.com\/trails\/tour-de-ville-stockholm-2\/"},"modified":"2024-09-10T09:32:11","modified_gmt":"2024-09-10T09:32:11","slug":"tour-de-ville-stockholm-2","status":"publish","type":"product","link":"https:\/\/explorial.com\/fr\/trails\/tour-de-ville-stockholm-2\/","title":{"rendered":"Stockholm (Trendy S\u00f6dermalm neighbourhood)"},"content":{"rendered":"","protected":false},"excerpt":{"rendered":"","protected":false},"featured_media":274390,"comment_status":"open","ping_status":"closed","template":"","meta":{"_acf_changed":false},"product_brand":[],"product_cat":[1900,1894],"product_tag":[1885],"class_list":{"0":"post-274653","1":"product","2":"type-product","3":"status-publish","4":"has-post-thumbnail","6":"product_cat-stockholm-county-fr","7":"product_cat-sweden-fr","8":"product_tag-stockholm-ch","10":"first","11":"instock","12":"sale","13":"taxable","14":"shipping-taxable","15":"purchasable","16":"product-type-variable"},"acf":{"city_name":"Stockholm","city_name_display":"Stockholm (Trendy S\u00f6dermalm neighbourhood)","languages":"Allemand, Anglais","duration":"environ 1,5 \u00e0 2 heures","description_1":"","description_2":"","city_description":"","short_description":"","notes":"","header_image":274384,"highlight_locations":"Millennium-Haus, Skinnarviksberget, Van der Nootska Palatset","additional_wheelchair":"Malheureusement, cette piste n\u2019est que partiellement adapt\u00e9e aux fauteuils roulants et aux poussettes en raison de ses pentes et de ses escaliers. Cependant, la piste peut \u00eatre jou\u00e9e, mais certains endroits peuvent \u00eatre plus difficiles d\u2019acc\u00e8s.","voucher_link":"","start_location_coordinates":"59.31475, 18.07125","start_location_name":"S\u00f6derhallarna","start_location_address":"Medborgarplatsen 5, 118 26 Stockholm, Sweden","end_location_name":"Skinnarviksberget","partner_object":null},"_links":{"self":[{"href":"https:\/\/explorial.com\/fr\/wp-json\/wp\/v2\/product\/274653","targetHints":{"allow":["GET"]}}],"collection":[{"href":"https:\/\/explorial.com\/fr\/wp-json\/wp\/v2\/product"}],"about":[{"href":"https:\/\/explorial.com\/fr\/wp-json\/wp\/v2\/types\/product"}],"replies":[{"embeddable":true,"href":"https:\/\/explorial.com\/fr\/wp-json\/wp\/v2\/comments?post=274653"}],"wp:featuredmedia":[{"embeddable":true,"href":"https:\/\/explorial.com\/fr\/wp-json\/wp\/v2\/media\/274390"}],"wp:attachment":[{"href":"https:\/\/explorial.com\/fr\/wp-json\/wp\/v2\/media?parent=274653"}],"wp:term":[{"taxonomy":"product_brand","embeddable":true,"href":"https:\/\/explorial.com\/fr\/wp-json\/wp\/v2\/product_brand?post=274653"},{"taxonomy":"product_cat","embeddable":true,"href":"https:\/\/explorial.com\/fr\/wp-json\/wp\/v2\/product_cat?post=274653"},{"taxonomy":"product_tag","embeddable":true,"href":"https:\/\/explorial.com\/fr\/wp-json\/wp\/v2\/product_tag?post=274653"}],"curies":[{"name":"wp","href":"https:\/\/api.w.org\/{rel}","templated":true}]}}