{"id":273329,"date":"2024-07-23T16:52:56","date_gmt":"2024-07-23T16:52:56","guid":{"rendered":"https:\/\/explorial.com\/trails\/tour-de-ville-biarritz-1\/"},"modified":"2024-09-17T09:33:07","modified_gmt":"2024-09-17T09:33:07","slug":"tour-de-ville-biarritz-1","status":"publish","type":"product","link":"https:\/\/explorial.com\/fr\/trails\/tour-de-ville-biarritz-1\/","title":{"rendered":"Biarritz"},"content":{"rendered":"","protected":false},"excerpt":{"rendered":"","protected":false},"featured_media":272981,"comment_status":"open","ping_status":"closed","template":"","meta":{"_acf_changed":false},"product_brand":[],"product_cat":[1125,3597],"product_tag":[3601],"class_list":{"0":"post-273329","1":"product","2":"type-product","3":"status-publish","4":"has-post-thumbnail","6":"product_cat-france-fr","7":"product_cat-nouvelle-aquitaine-fr","8":"product_tag-biarritz-ch","10":"first","11":"instock","12":"sale","13":"taxable","14":"shipping-taxable","15":"purchasable","16":"product-type-variable"},"acf":{"city_name":"Biarritz","city_name_display":"Biarritz","languages":"Anglais, Fran\u00e7ais","duration":"environ 1,5 \u00e0 2 heures","description_1":"","description_2":"","city_description":"Situ\u00e9e au bord du magnifique golfe de Gascogne, dans le sud-ouest de la France, Biarritz est une escapade baln\u00e9aire glamour depuis que les familles royales europ\u00e9ennes ont commenc\u00e9 \u00e0 y passer leurs vacances dans les ann\u00e9es 1800. Cette ville basque chic offre un m\u00e9lange s\u00e9duisant de sophistication \u00e0 l\u2019instar de la C\u00f4te d'Azur et de charme c\u00f4tier d\u00e9contract\u00e9. Ne manque pas de te promener sur la Grande Plage, d'explorer son march\u00e9 couvert riche de d\u00e9lices locaux et sa culture vivante du surf. Biarritz offre l'esprit parfait de joie de vivre !","short_description":"","notes":"","header_image":272955,"highlight_locations":"La Grande Plage, Rocher de la Vierge, Halles de Biarritz ","additional_wheelchair":"Malheureusement, cette piste n\u2019est que partiellement adapt\u00e9e aux fauteuils roulants et aux poussettes en raison de ses pentes et de ses escaliers. Cependant, la piste peut \u00eatre jou\u00e9e, mais certains endroits peuvent \u00eatre plus difficiles d\u2019acc\u00e8s.","voucher_link":"","start_location_coordinates":"43.48304, -1.55893","start_location_name":"Mairie de Biarritz","start_location_address":"Avenue \u00c9douard VII, 12, 64200, France","end_location_name":"Rocher de la Vierge","partner_object":null},"_links":{"self":[{"href":"https:\/\/explorial.com\/fr\/wp-json\/wp\/v2\/product\/273329","targetHints":{"allow":["GET"]}}],"collection":[{"href":"https:\/\/explorial.com\/fr\/wp-json\/wp\/v2\/product"}],"about":[{"href":"https:\/\/explorial.com\/fr\/wp-json\/wp\/v2\/types\/product"}],"replies":[{"embeddable":true,"href":"https:\/\/explorial.com\/fr\/wp-json\/wp\/v2\/comments?post=273329"}],"wp:featuredmedia":[{"embeddable":true,"href":"https:\/\/explorial.com\/fr\/wp-json\/wp\/v2\/media\/272981"}],"wp:attachment":[{"href":"https:\/\/explorial.com\/fr\/wp-json\/wp\/v2\/media?parent=273329"}],"wp:term":[{"taxonomy":"product_brand","embeddable":true,"href":"https:\/\/explorial.com\/fr\/wp-json\/wp\/v2\/product_brand?post=273329"},{"taxonomy":"product_cat","embeddable":true,"href":"https:\/\/explorial.com\/fr\/wp-json\/wp\/v2\/product_cat?post=273329"},{"taxonomy":"product_tag","embeddable":true,"href":"https:\/\/explorial.com\/fr\/wp-json\/wp\/v2\/product_tag?post=273329"}],"curies":[{"name":"wp","href":"https:\/\/api.w.org\/{rel}","templated":true}]}}