{"id":273075,"date":"2024-07-23T16:52:03","date_gmt":"2024-07-23T16:52:03","guid":{"rendered":"https:\/\/explorial.com\/trails\/tour-de-ville-bayonne-1\/"},"modified":"2024-09-17T09:36:24","modified_gmt":"2024-09-17T09:36:24","slug":"tour-de-ville-bayonne-1","status":"publish","type":"product","link":"https:\/\/explorial.com\/fr\/trails\/tour-de-ville-bayonne-1\/","title":{"rendered":"Bayonne"},"content":{"rendered":"","protected":false},"excerpt":{"rendered":"","protected":false},"featured_media":272764,"comment_status":"open","ping_status":"closed","template":"","meta":{"_acf_changed":false},"product_brand":[],"product_cat":[1125,3597],"product_tag":[3589],"class_list":{"0":"post-273075","1":"product","2":"type-product","3":"status-publish","4":"has-post-thumbnail","6":"product_cat-france-fr","7":"product_cat-nouvelle-aquitaine-fr","8":"product_tag-bayonne-ch","10":"first","11":"instock","12":"sale","13":"taxable","14":"shipping-taxable","15":"purchasable","16":"product-type-variable"},"acf":{"city_name":"Bayonne","city_name_display":"Bayonne","languages":"Anglais, Fran\u00e7ais","duration":"environ 1,5 \u00e0 2 heures","description_1":"","description_2":"","city_description":"Situ\u00e9e entre le Pays basque et la Gascogne, Bayonne enchante les visiteurs par sa richesse historique et ses rues pittoresques. Explore les ruelles sinueuses du Grand Bayonne et du Petit Bayonne pour d\u00e9couvrir un m\u00e9lange captivant de tradition basque et d'architecture gothique qui donne un charme incomparable \u00e0 la ville. Et pour ravir tes papilles, laisse-toi tenter par les chocolats exquis de Bayonne. Apr\u00e8s tout, elle est la capitale officielle du chocolat en France !","short_description":"","notes":"","header_image":272758,"highlight_locations":"Cath\u00e9drale Sainte-Marie de Bayonne, Rue Port Neuf, Maison Moulis","additional_wheelchair":"Malheureusement, cette piste n\u2019est que partiellement adapt\u00e9e aux fauteuils roulants et aux poussettes en raison de ses pentes et de ses escaliers. Cependant, la piste peut \u00eatre jou\u00e9e, mais certains endroits peuvent \u00eatre plus difficiles d\u2019acc\u00e8s.","voucher_link":"","start_location_coordinates":"43.49288, -1.47365","start_location_name":"Place du R\u00e9duit","start_location_address":"Place du R\u00e9duit, 64100, France","end_location_name":"Mus\u00e9e Basque et de l'Histoire de Bayonne","partner_object":null},"_links":{"self":[{"href":"https:\/\/explorial.com\/fr\/wp-json\/wp\/v2\/product\/273075","targetHints":{"allow":["GET"]}}],"collection":[{"href":"https:\/\/explorial.com\/fr\/wp-json\/wp\/v2\/product"}],"about":[{"href":"https:\/\/explorial.com\/fr\/wp-json\/wp\/v2\/types\/product"}],"replies":[{"embeddable":true,"href":"https:\/\/explorial.com\/fr\/wp-json\/wp\/v2\/comments?post=273075"}],"wp:featuredmedia":[{"embeddable":true,"href":"https:\/\/explorial.com\/fr\/wp-json\/wp\/v2\/media\/272764"}],"wp:attachment":[{"href":"https:\/\/explorial.com\/fr\/wp-json\/wp\/v2\/media?parent=273075"}],"wp:term":[{"taxonomy":"product_brand","embeddable":true,"href":"https:\/\/explorial.com\/fr\/wp-json\/wp\/v2\/product_brand?post=273075"},{"taxonomy":"product_cat","embeddable":true,"href":"https:\/\/explorial.com\/fr\/wp-json\/wp\/v2\/product_cat?post=273075"},{"taxonomy":"product_tag","embeddable":true,"href":"https:\/\/explorial.com\/fr\/wp-json\/wp\/v2\/product_tag?post=273075"}],"curies":[{"name":"wp","href":"https:\/\/api.w.org\/{rel}","templated":true}]}}