{"id":272656,"date":"2024-07-22T09:12:56","date_gmt":"2024-07-22T09:12:56","guid":{"rendered":"https:\/\/explorial.com\/trails\/tour-de-ville-tubingen-1\/"},"modified":"2024-09-16T12:39:35","modified_gmt":"2024-09-16T12:39:35","slug":"tour-de-ville-tubingen-1","status":"publish","type":"product","link":"https:\/\/explorial.com\/fr\/trails\/tour-de-ville-tubingen-1\/","title":{"rendered":"T\u00fcbingen"},"content":{"rendered":"","protected":false},"excerpt":{"rendered":"","protected":false},"featured_media":272418,"comment_status":"open","ping_status":"closed","template":"","meta":{"_acf_changed":false},"product_brand":[],"product_cat":[1136,1139],"product_tag":[3583],"class_list":{"0":"post-272656","1":"product","2":"type-product","3":"status-publish","4":"has-post-thumbnail","6":"product_cat-germany-fr","7":"product_cat-baden-wurttemberg-fr","8":"product_tag-tubingen-ch","10":"first","11":"instock","12":"sale","13":"taxable","14":"shipping-taxable","15":"purchasable","16":"product-type-variable"},"acf":{"city_name":"T\u00fcbingen","city_name_display":"T\u00fcbingen","languages":"Allemand","duration":"environ 1,5 \u00e0 2 heures","description_1":"","description_2":"","city_description":"","short_description":"","notes":"","header_image":272412,"highlight_locations":"Rathaus, Schloss Hohent\u00fcbingen, Neckarfront","additional_wheelchair":"Malheureusement, cette piste n\u2019est que partiellement adapt\u00e9e aux fauteuils roulants et aux poussettes en raison de ses pentes et de ses escaliers. Cependant, la piste peut \u00eatre jou\u00e9e, mais certains endroits peuvent \u00eatre plus difficiles d\u2019acc\u00e8s.","voucher_link":"","start_location_coordinates":"48.52278, 9.05721","start_location_name":"Alter Botanischer Garten ","start_location_address":"72070 T\u00fcbingen, Deutschland","end_location_name":"Neckarfront","partner_object":null},"_links":{"self":[{"href":"https:\/\/explorial.com\/fr\/wp-json\/wp\/v2\/product\/272656","targetHints":{"allow":["GET"]}}],"collection":[{"href":"https:\/\/explorial.com\/fr\/wp-json\/wp\/v2\/product"}],"about":[{"href":"https:\/\/explorial.com\/fr\/wp-json\/wp\/v2\/types\/product"}],"replies":[{"embeddable":true,"href":"https:\/\/explorial.com\/fr\/wp-json\/wp\/v2\/comments?post=272656"}],"wp:featuredmedia":[{"embeddable":true,"href":"https:\/\/explorial.com\/fr\/wp-json\/wp\/v2\/media\/272418"}],"wp:attachment":[{"href":"https:\/\/explorial.com\/fr\/wp-json\/wp\/v2\/media?parent=272656"}],"wp:term":[{"taxonomy":"product_brand","embeddable":true,"href":"https:\/\/explorial.com\/fr\/wp-json\/wp\/v2\/product_brand?post=272656"},{"taxonomy":"product_cat","embeddable":true,"href":"https:\/\/explorial.com\/fr\/wp-json\/wp\/v2\/product_cat?post=272656"},{"taxonomy":"product_tag","embeddable":true,"href":"https:\/\/explorial.com\/fr\/wp-json\/wp\/v2\/product_tag?post=272656"}],"curies":[{"name":"wp","href":"https:\/\/api.w.org\/{rel}","templated":true}]}}